{"id":11331,"date":"2023-01-03T07:58:56","date_gmt":"2023-01-03T07:58:56","guid":{"rendered":"https:\/\/www.praktikhotels.com\/?page_id=11331"},"modified":"2026-03-27T10:44:47","modified_gmt":"2026-03-27T10:44:47","slug":"condizioni-di-prenotazione","status":"publish","type":"page","link":"https:\/\/www.praktikhotels.com\/it\/condizioni-di-prenotazione\/","title":{"rendered":"Condizioni di prenotazione"},"content":{"rendered":"<p dir=\"ltr\">Una volta completata la prenotazione, il cliente ricever\u00e0 un&#8217;e-mail di conferma che funger\u00e0 da ricevuta della stessa.<\/p>\n<p dir=\"ltr\">La prenotazione sar\u00e0 confermata e garantita tramite carta di credito. Durante la procedura di prenotazione, i dati della carta potranno essere verificati al fine di autorizzare gli addebiti previsti dalle presenti condizioni.<\/p>\n<p dir=\"ltr\">In caso di mancata presentazione in hotel senza preavviso, verr\u00e0 addebitato l&#8217;importo della prima notte di soggiorno, IVA inclusa.<\/p>\n<p dir=\"ltr\">La cancellazione della prenotazione sar\u00e0 gratuita, a condizione che venga effettuata entro il termine stabilito dalla politica di cancellazione applicabile alla tariffa selezionata. Tali condizioni potranno variare in funzione delle date di soggiorno e del tipo di prenotazione effettuata.<\/p>\n<p dir=\"ltr\">Una volta scaduto il termine di cancellazione gratuita, Praktik Hotels potr\u00e0 addebitare l&#8217;importo corrispondente alla prima notte di soggiorno, IVA inclusa, o l&#8217;importo totale della prenotazione, in base alle condizioni specifiche applicabili in ciascun caso.<\/p>\n<p dir=\"ltr\">Nei casi in cui sia previsto l&#8217;addebito dell&#8217;importo totale del soggiorno, potr\u00e0 essere valutato il rimborso totale o parziale delle somme versate, ove opportuno, in conformit\u00e0 con la normativa applicabile e in base ai servizi non fruiti.<\/p>\n<p dir=\"ltr\">Inoltre, il soggiorno sar\u00e0 soggetto alla tassa di soggiorno e alla tassa comunale, applicabili in base alla normativa vigente al momento del soggiorno. Tali importi non sono inclusi nel prezzo della prenotazione, salvo diversa indicazione espressa, e dovranno essere pagati direttamente presso la struttura. In ogni caso, tali importi saranno riportati in modo dettagliato nella fattura o nella ricevuta di pagamento.<\/p>\n","protected":false},"excerpt":{"rendered":"<p>Una volta completata la prenotazione, il cliente ricever\u00e0 un&#8217;e-mail di conferma che funger\u00e0 da ricevuta della stessa. La prenotazione sar\u00e0 confermata e garantita tramite carta di credito. Durante la procedura di prenotazione, i dati della carta potranno essere verificati al fine di autorizzare gli addebiti previsti dalle presenti condizioni. In caso di mancata presentazione in [&hellip;]<\/p>\n","protected":false},"author":1,"featured_media":0,"parent":0,"menu_order":0,"comment_status":"closed","ping_status":"closed","template":"","meta":{"inline_featured_image":false,"footnotes":""},"class_list":["post-11331","page","type-page","status-publish","hentry","post-wrapper","thrv_wrapper"],"yoast_head":"<!-- This site is optimized with the Yoast SEO plugin v23.2 - https:\/\/yoast.com\/wordpress\/plugins\/seo\/ -->\n<title>Condizioni di prenotazione | Praktik Hotels<\/title>\n<meta name=\"description\" content=\"Una volta effettuata la prenotazione, riceverai una conferma via e-mail per il tuo soggiorno.\" \/>\n<meta name=\"robots\" content=\"index, follow, max-snippet:-1, max-image-preview:large, max-video-preview:-1\" \/>\n<link rel=\"canonical\" href=\"https:\/\/www.praktikhotels.com\/it\/condizioni-di-prenotazione\/\" \/>\n<meta property=\"og:locale\" content=\"it_IT\" \/>\n<meta property=\"og:type\" content=\"article\" \/>\n<meta property=\"og:title\" content=\"Condizioni di prenotazione | Praktik Hotels\" \/>\n<meta property=\"og:description\" content=\"Una volta effettuata la prenotazione, riceverai una conferma via e-mail per il tuo soggiorno.\" \/>\n<meta property=\"og:url\" content=\"https:\/\/www.praktikhotels.com\/it\/condizioni-di-prenotazione\/\" \/>\n<meta property=\"og:site_name\" content=\"Praktik Hotels - Hoteles boutique en el centro de Barcelona\" \/>\n<meta property=\"article:publisher\" content=\"https:\/\/www.facebook.com\/praktikhotels\/\" \/>\n<meta property=\"article:modified_time\" content=\"2026-03-27T10:44:47+00:00\" \/>\n<meta name=\"twitter:card\" content=\"summary_large_image\" \/>\n<meta name=\"twitter:title\" content=\"Condizioni di prenotazione | Praktik Hotels\" \/>\n<meta name=\"twitter:description\" content=\"Una volta effettuata la prenotazione, riceverai una conferma via e-mail per il tuo soggiorno.\" \/>\n<meta name=\"twitter:site\" content=\"@praktikhotels\" \/>\n<meta name=\"twitter:label1\" content=\"Tempo di lettura stimato\" \/>\n\t<meta name=\"twitter:data1\" content=\"1 minuto\" \/>\n<script type=\"application\/ld+json\" class=\"yoast-schema-graph\">{\"@context\":\"https:\/\/schema.org\",\"@graph\":[{\"@type\":\"Article\",\"@id\":\"https:\/\/www.praktikhotels.com\/it\/condizioni-di-prenotazione\/#article\",\"isPartOf\":{\"@id\":\"https:\/\/www.praktikhotels.com\/it\/condizioni-di-prenotazione\/\"},\"author\":{\"name\":\"praktkmaster\",\"@id\":\"\/#\/schema\/person\/4015c3b656759440a8291536b481326d\"},\"headline\":\"Condizioni di prenotazione\",\"datePublished\":\"2023-01-03T07:58:56+00:00\",\"dateModified\":\"2026-03-27T10:44:47+00:00\",\"mainEntityOfPage\":{\"@id\":\"https:\/\/www.praktikhotels.com\/it\/condizioni-di-prenotazione\/\"},\"wordCount\":249,\"publisher\":{\"@id\":\"\/#organization\"},\"inLanguage\":\"it-IT\"},{\"@type\":\"WebPage\",\"@id\":\"https:\/\/www.praktikhotels.com\/it\/condizioni-di-prenotazione\/\",\"url\":\"https:\/\/www.praktikhotels.com\/it\/condizioni-di-prenotazione\/\",\"name\":\"Condizioni di prenotazione | Praktik Hotels\",\"isPartOf\":{\"@id\":\"\/#website\"},\"datePublished\":\"2023-01-03T07:58:56+00:00\",\"dateModified\":\"2026-03-27T10:44:47+00:00\",\"description\":\"Una volta effettuata la prenotazione, riceverai una conferma via e-mail per il tuo soggiorno.\",\"breadcrumb\":{\"@id\":\"https:\/\/www.praktikhotels.com\/it\/condizioni-di-prenotazione\/#breadcrumb\"},\"inLanguage\":\"it-IT\",\"potentialAction\":[{\"@type\":\"ReadAction\",\"target\":[\"https:\/\/www.praktikhotels.com\/it\/condizioni-di-prenotazione\/\"]}]},{\"@type\":\"BreadcrumbList\",\"@id\":\"https:\/\/www.praktikhotels.com\/it\/condizioni-di-prenotazione\/#breadcrumb\",\"itemListElement\":[{\"@type\":\"ListItem\",\"position\":1,\"name\":\"Portada\",\"item\":\"https:\/\/www.praktikhotels.com\/it\/\"},{\"@type\":\"ListItem\",\"position\":2,\"name\":\"Condizioni di prenotazione\"}]},{\"@type\":\"WebSite\",\"@id\":\"\/#website\",\"url\":\"\/\",\"name\":\"Praktik Hotels - Hoteles boutique en el centro de Barcelona\",\"description\":\"Hoteles boutique en el centro de Barcelona\",\"publisher\":{\"@id\":\"\/#organization\"},\"potentialAction\":[{\"@type\":\"SearchAction\",\"target\":{\"@type\":\"EntryPoint\",\"urlTemplate\":\"\/?s={search_term_string}\"},\"query-input\":\"required name=search_term_string\"}],\"inLanguage\":\"it-IT\"},{\"@type\":\"Organization\",\"@id\":\"\/#organization\",\"name\":\"Praktik Hotels - Hoteles boutique en el centro de Barcelona\",\"url\":\"\/\",\"logo\":{\"@type\":\"ImageObject\",\"inLanguage\":\"it-IT\",\"@id\":\"\/#\/schema\/logo\/image\/\",\"url\":\"https:\/\/www.praktikhotels.com\/wp-content\/uploads\/sites\/13\/2022\/11\/praktik-vinoteca-habitacion01.jpg\",\"contentUrl\":\"https:\/\/www.praktikhotels.com\/wp-content\/uploads\/sites\/13\/2022\/11\/praktik-vinoteca-habitacion01.jpg\",\"width\":960,\"height\":635,\"caption\":\"Praktik Hotels - Hoteles boutique en el centro de Barcelona\"},\"image\":{\"@id\":\"\/#\/schema\/logo\/image\/\"},\"sameAs\":[\"https:\/\/www.facebook.com\/praktikhotels\/\",\"https:\/\/x.com\/praktikhotels\",\"https:\/\/www.instagram.com\/praktikhotels\/\"]},{\"@type\":\"Person\",\"@id\":\"\/#\/schema\/person\/4015c3b656759440a8291536b481326d\",\"name\":\"praktkmaster\",\"image\":{\"@type\":\"ImageObject\",\"inLanguage\":\"it-IT\",\"@id\":\"\/#\/schema\/person\/image\/\",\"url\":\"https:\/\/secure.gravatar.com\/avatar\/29d735a18eaffe4d58415575700d4e8f?s=96&d=mm&r=g\",\"contentUrl\":\"https:\/\/secure.gravatar.com\/avatar\/29d735a18eaffe4d58415575700d4e8f?s=96&d=mm&r=g\",\"caption\":\"praktkmaster\"},\"sameAs\":[\"http:\/\/praktikdev.rkinnova.com\"]}]}<\/script>\n<!-- \/ Yoast SEO plugin. -->","yoast_head_json":{"title":"Condizioni di prenotazione | Praktik Hotels","description":"Una volta effettuata la prenotazione, riceverai una conferma via e-mail per il tuo soggiorno.","robots":{"index":"index","follow":"follow","max-snippet":"max-snippet:-1","max-image-preview":"max-image-preview:large","max-video-preview":"max-video-preview:-1"},"canonical":"https:\/\/www.praktikhotels.com\/it\/condizioni-di-prenotazione\/","og_locale":"it_IT","og_type":"article","og_title":"Condizioni di prenotazione | Praktik Hotels","og_description":"Una volta effettuata la prenotazione, riceverai una conferma via e-mail per il tuo soggiorno.","og_url":"https:\/\/www.praktikhotels.com\/it\/condizioni-di-prenotazione\/","og_site_name":"Praktik Hotels - Hoteles boutique en el centro de Barcelona","article_publisher":"https:\/\/www.facebook.com\/praktikhotels\/","article_modified_time":"2026-03-27T10:44:47+00:00","twitter_card":"summary_large_image","twitter_title":"Condizioni di prenotazione | Praktik Hotels","twitter_description":"Una volta effettuata la prenotazione, riceverai una conferma via e-mail per il tuo soggiorno.","twitter_site":"@praktikhotels","twitter_misc":{"Tempo di lettura stimato":"1 minuto"},"schema":{"@context":"https:\/\/schema.org","@graph":[{"@type":"Article","@id":"https:\/\/www.praktikhotels.com\/it\/condizioni-di-prenotazione\/#article","isPartOf":{"@id":"https:\/\/www.praktikhotels.com\/it\/condizioni-di-prenotazione\/"},"author":{"name":"praktkmaster","@id":"\/#\/schema\/person\/4015c3b656759440a8291536b481326d"},"headline":"Condizioni di prenotazione","datePublished":"2023-01-03T07:58:56+00:00","dateModified":"2026-03-27T10:44:47+00:00","mainEntityOfPage":{"@id":"https:\/\/www.praktikhotels.com\/it\/condizioni-di-prenotazione\/"},"wordCount":249,"publisher":{"@id":"\/#organization"},"inLanguage":"it-IT"},{"@type":"WebPage","@id":"https:\/\/www.praktikhotels.com\/it\/condizioni-di-prenotazione\/","url":"https:\/\/www.praktikhotels.com\/it\/condizioni-di-prenotazione\/","name":"Condizioni di prenotazione | Praktik Hotels","isPartOf":{"@id":"\/#website"},"datePublished":"2023-01-03T07:58:56+00:00","dateModified":"2026-03-27T10:44:47+00:00","description":"Una volta effettuata la prenotazione, riceverai una conferma via e-mail per il tuo soggiorno.","breadcrumb":{"@id":"https:\/\/www.praktikhotels.com\/it\/condizioni-di-prenotazione\/#breadcrumb"},"inLanguage":"it-IT","potentialAction":[{"@type":"ReadAction","target":["https:\/\/www.praktikhotels.com\/it\/condizioni-di-prenotazione\/"]}]},{"@type":"BreadcrumbList","@id":"https:\/\/www.praktikhotels.com\/it\/condizioni-di-prenotazione\/#breadcrumb","itemListElement":[{"@type":"ListItem","position":1,"name":"Portada","item":"https:\/\/www.praktikhotels.com\/it\/"},{"@type":"ListItem","position":2,"name":"Condizioni di prenotazione"}]},{"@type":"WebSite","@id":"\/#website","url":"\/","name":"Praktik Hotels - Hoteles boutique en el centro de Barcelona","description":"Hoteles boutique en el centro de Barcelona","publisher":{"@id":"\/#organization"},"potentialAction":[{"@type":"SearchAction","target":{"@type":"EntryPoint","urlTemplate":"\/?s={search_term_string}"},"query-input":"required name=search_term_string"}],"inLanguage":"it-IT"},{"@type":"Organization","@id":"\/#organization","name":"Praktik Hotels - Hoteles boutique en el centro de Barcelona","url":"\/","logo":{"@type":"ImageObject","inLanguage":"it-IT","@id":"\/#\/schema\/logo\/image\/","url":"https:\/\/www.praktikhotels.com\/wp-content\/uploads\/sites\/13\/2022\/11\/praktik-vinoteca-habitacion01.jpg","contentUrl":"https:\/\/www.praktikhotels.com\/wp-content\/uploads\/sites\/13\/2022\/11\/praktik-vinoteca-habitacion01.jpg","width":960,"height":635,"caption":"Praktik Hotels - Hoteles boutique en el centro de Barcelona"},"image":{"@id":"\/#\/schema\/logo\/image\/"},"sameAs":["https:\/\/www.facebook.com\/praktikhotels\/","https:\/\/x.com\/praktikhotels","https:\/\/www.instagram.com\/praktikhotels\/"]},{"@type":"Person","@id":"\/#\/schema\/person\/4015c3b656759440a8291536b481326d","name":"praktkmaster","image":{"@type":"ImageObject","inLanguage":"it-IT","@id":"\/#\/schema\/person\/image\/","url":"https:\/\/secure.gravatar.com\/avatar\/29d735a18eaffe4d58415575700d4e8f?s=96&d=mm&r=g","contentUrl":"https:\/\/secure.gravatar.com\/avatar\/29d735a18eaffe4d58415575700d4e8f?s=96&d=mm&r=g","caption":"praktkmaster"},"sameAs":["http:\/\/praktikdev.rkinnova.com"]}]}},"_links":{"self":[{"href":"https:\/\/www.praktikhotels.com\/it\/wp-json\/wp\/v2\/pages\/11331"}],"collection":[{"href":"https:\/\/www.praktikhotels.com\/it\/wp-json\/wp\/v2\/pages"}],"about":[{"href":"https:\/\/www.praktikhotels.com\/it\/wp-json\/wp\/v2\/types\/page"}],"author":[{"embeddable":true,"href":"https:\/\/www.praktikhotels.com\/it\/wp-json\/wp\/v2\/users\/1"}],"replies":[{"embeddable":true,"href":"https:\/\/www.praktikhotels.com\/it\/wp-json\/wp\/v2\/comments?post=11331"}],"version-history":[{"count":2,"href":"https:\/\/www.praktikhotels.com\/it\/wp-json\/wp\/v2\/pages\/11331\/revisions"}],"predecessor-version":[{"id":14524,"href":"https:\/\/www.praktikhotels.com\/it\/wp-json\/wp\/v2\/pages\/11331\/revisions\/14524"}],"wp:attachment":[{"href":"https:\/\/www.praktikhotels.com\/it\/wp-json\/wp\/v2\/media?parent=11331"}],"curies":[{"name":"wp","href":"https:\/\/api.w.org\/{rel}","templated":true}]}}