{"id":7661,"date":"2022-11-04T13:47:17","date_gmt":"2022-11-04T13:47:17","guid":{"rendered":"https:\/\/www.hotelpraktikrambla.com\/?page_id=7661"},"modified":"2024-07-30T11:29:11","modified_gmt":"2024-07-30T11:29:11","slug":"politique-de-confidentialite","status":"publish","type":"page","link":"https:\/\/www.praktikhotels.com\/fr\/politique-de-confidentialite\/","title":{"rendered":"Politique de confidentialit\u00e9"},"content":{"rendered":"<h5>1.- Qui est responsable du traitement des donn\u00e9es personnelles des internautes ?<\/h5>\n<p>Raison sociale: BUDGET HOTELS, S.L. (ci-apr\u00e8s, \u00ab\u00a0Praktik Hotels\u00a0\u00bb)<br \/>\nSi\u00e8ge social: C\/Pedro i Pons 9-11, 4\u00ba 1\u00aa, CP 08034 de Barcelone<br \/>\nCIF: B-63965974<br \/>\nT\u00e9l\u00e9phone: (+34) 93 321 93 41 \/ (+34) 93 363 27 60<br \/>\nAdresse \u00e9lectronique: protecciondedatos@praktikhotels.com<br \/>\nInscrite au Registre du Commerce de Barcelona: Volume : 46954, Folio : 158 et Feuillet num\u00e9ro : B-536315, Inscription 1<\/p>\n<h5>2.- Dans quel but les donn\u00e9es personnelles des internautes sont-elles trait\u00e9es ?<\/h5>\n<ul>\n<li>Afin de pouvoir g\u00e9rer les demandes des internautes qui contactent Praktik Hotels via ce site.<\/li>\n<li>Pour pouvoir leur envoyer des courriels commerciaux au sujet des h\u00f4tels du groupe commercial PRAKTIK HOTELS.<\/li>\n<\/ul>\n<h5>3.- Combien de temps Praktik Hotels conservera-t&rsquo;il les donn\u00e9es personnelles des internautes ?<\/h5>\n<p>Leurs donn\u00e9es personnelles seront conserv\u00e9es pendant cinq ans.<\/p>\n<h5>4.- Quelle est la l\u00e9gitimation pour le traitement des donn\u00e9es personnelles des internautes ?<\/h5>\n<p>La base l\u00e9gale pour le traitement des donn\u00e9es des internautes est le consentement pr\u00e9alable de ceux-ci accord\u00e9 en acceptant cette Politique de Confidentialit\u00e9.<\/p>\n<h5>5.- \u00c0 quels destinataires vos donn\u00e9es seront-elles communiqu\u00e9es ?<\/h5>\n<p>Les donn\u00e9es personnelles des Internautes seront communiqu\u00e9es aux h\u00f4tels du groupe commercial PRAKTIK HOTELS en fonction de notre int\u00e9r\u00eat l\u00e9gitime et afin de pouvoir fournir un meilleur service. Dans tous les cas, elles ne seront pas transf\u00e9r\u00e9es internationalement, sauf obligation l\u00e9gale.<\/p>\n<h5>6.- Quels sont les droits des internautes sur leurs donn\u00e9es personnelles ?<\/h5>\n<p>Praktik Hotels garantit dans tous les cas aux internautes l&rsquo;exercice de leurs droits et qui consistent en:<\/p>\n<ul>\n<li>Toute personne a le droit d&rsquo;obtenir une confirmation de la part de Praktik Hotels concernant le fait que ses donn\u00e9es personnelles sont ou non trait\u00e9es.<\/li>\n<li>Les personnes int\u00e9ress\u00e9es ont \u00e9galement le droit d\u2019acc\u00e9der \u00e0 leurs donn\u00e9es personnelles, ainsi que de demander la rectification de donn\u00e9es inexactes ou, le cas \u00e9ch\u00e9ant, de demander leur suppression lorsque, entre autres raisons, les donn\u00e9es ne sont plus n\u00e9cessaires aux fins collect\u00e9es.<\/li>\n<li>Dans certaines circonstances, les parties int\u00e9ress\u00e9es peuvent demander la limitation du traitement de leurs donn\u00e9es, auquel cas nous ne les conserverons que pour l&rsquo;exercice ou la d\u00e9fense des r\u00e9clamations.<\/li>\n<li>Dans certaines circonstances et pour des raisons li\u00e9es \u00e0 leur situation particuli\u00e8re, les parties int\u00e9ress\u00e9es peuvent s&rsquo;opposer au traitement de leurs donn\u00e9es. Praktik Hotels arr\u00eatera le traitement des donn\u00e9es, sauf pour des raisons l\u00e9gitimes imp\u00e9rieuses, ou l&rsquo;exercice ou la d\u00e9fense d&rsquo;\u00e9ventuelles r\u00e9clamations.<\/li>\n<li>Les internautes ont \u00e9galement droit \u00e0 la portabilit\u00e9 de leurs donn\u00e9es vers d&rsquo;autres soci\u00e9t\u00e9s, \u00e0 condition qu&rsquo;ils le demandent express\u00e9ment, qu&rsquo;il soit techniquement possible de le faire et de ne pas faire l&rsquo;objet de d\u00e9cisions automatis\u00e9es individualis\u00e9es (y compris l&rsquo;\u00e9laboration de profils).<\/li>\n<\/ul>\n<p>L&rsquo;internaute pourra exercer ses droits en envoyant une demande expresse, par n&rsquo;importe lequel des moyens suivants:<\/p>\n<ul>\n<li>Courrier \u00e9lectronique: protecciondedatos@praktikhotels.coml<\/li>\n<li>Courrier postal: C\/Pedro i Pons 9-11, CP 08034 de Barcelone<\/li>\n<\/ul>\n<p>De m\u00eame, les internautes sont inform\u00e9s qu&rsquo;ils ont le droit de retirer leur consentement \u00e0 tout moment, sans que cela affecte la l\u00e9galit\u00e9 du traitement bas\u00e9 sur le consentement pr\u00e9alable \u00e0 son retrait et qu&rsquo;ils peuvent pr\u00e9senter une r\u00e9clamation aupr\u00e8s de l&rsquo;Agence Espagnole de Protection des Donn\u00e9es surtout dans le cas o\u00f9 il n&rsquo;ait pas obtenu satisfaction dans l&rsquo;exercice de ses droits.<br \/>\nToutes les donn\u00e9es de contact et proc\u00e9dures aupr\u00e8s de l&rsquo;Agence Espagnole pour la Protection des Donn\u00e9es pourront \u00eatre trouv\u00e9es sur le site: https:\/\/www.agpd.es<\/p>\n<h5>7.- Comment a t&rsquo;on obtenu les donn\u00e9es personnelles des internautes ?<\/h5>\n<p>Praktik Hotels, a obtenu les donn\u00e9es des internautes par le contact du propre internaute avec Praktik Hotels par t\u00e9l\u00e9phone et \/ ou courrier \u00e9lectronique qui apparaissent sur le site internet de l&rsquo;h\u00f4tel.<\/p>\n<h5>8.- Cat\u00e9gorie des donn\u00e9es personnelles trait\u00e9es<\/h5>\n<p>Les donn\u00e9es personnelles auxquelles Praktik Hotels a acc\u00e8s sont les suivantes:<\/p>\n<ul>\n<li>Donn\u00e9es d&rsquo;identification<\/li>\n<li>Adresses postales ou \u00e9lectroniques<\/li>\n<\/ul>\n<p>Les donn\u00e9es sp\u00e9cialement prot\u00e9g\u00e9es ou de cat\u00e9gories sp\u00e9ciales ne sont pas trait\u00e9es.<\/p>\n<h5>9.- R\u00e8glements applicables<\/h5>\n<p>PRAKTIK HOTELS traitera les donn\u00e9es conform\u00e9ment \u00e0:<\/p>\n<ul>\n<li>Le r\u00e8glement (UE) 2016\/679 du Parlement Europ\u00e9en et du Conseil, du 27 avril 2016, relatif \u00e0 la protection des personnes physiques concernant le traitement de leurs donn\u00e9es personnelles et \u00e0 la libre circulation de ces donn\u00e9es (RGPD)<\/li>\n<li>La Loi Organique 15\/1999, du 13 D\u00e9cembre, de Protection des Donn\u00e9es Personnelles (LOPD).<\/li>\n<\/ul>\n<h5>10.- Question<\/h5>\n<p>Si vous avez des questions ou des commentaires concernant la mani\u00e8re dont Praktik Hotels utilise les donn\u00e9es des internautes, n\u2019h\u00e9sitez pas \u00e0 nous \u00e9crire \u00e0 protecciondedatos@praktikhotels.com<\/p>\n","protected":false},"excerpt":{"rendered":"<p>1.- Qui est responsable du traitement des donn\u00e9es personnelles des internautes ? Raison sociale: BUDGET HOTELS, S.L. (ci-apr\u00e8s, \u00ab\u00a0Praktik Hotels\u00a0\u00bb) Si\u00e8ge social: C\/Pedro i Pons 9-11, 4\u00ba 1\u00aa, CP 08034 de Barcelone CIF: B-63965974 T\u00e9l\u00e9phone: (+34) 93 321 93 41 \/ (+34) 93 363 27 60 Adresse \u00e9lectronique: protecciondedatos@praktikhotels.com Inscrite au Registre du Commerce de [&hellip;]<\/p>\n","protected":false},"author":1,"featured_media":6684,"parent":0,"menu_order":0,"comment_status":"closed","ping_status":"closed","template":"","meta":{"inline_featured_image":false,"footnotes":""},"class_list":["post-7661","page","type-page","status-publish","has-post-thumbnail","hentry","post-wrapper","thrv_wrapper"],"yoast_head":"<!-- This site is optimized with the Yoast SEO plugin v23.2 - https:\/\/yoast.com\/wordpress\/plugins\/seo\/ -->\n<title>Politique de confidentialit\u00e9 | Praktik Hotels<\/title>\n<meta name=\"description\" content=\"Sur cette page, vous trouverez notre Politique de confidentialit\u00e9, correspondant aux bonnes pratiques des donn\u00e9es que nous stockons des utilisateurs.\" \/>\n<meta name=\"robots\" content=\"index, follow, max-snippet:-1, max-image-preview:large, max-video-preview:-1\" \/>\n<link rel=\"canonical\" href=\"https:\/\/www.praktikhotels.com\/fr\/politique-de-confidentialite\/\" \/>\n<meta property=\"og:locale\" content=\"fr_FR\" \/>\n<meta property=\"og:type\" content=\"article\" \/>\n<meta property=\"og:title\" content=\"Politique de confidentialit\u00e9 | Praktik Hotels\" \/>\n<meta property=\"og:description\" content=\"Sur cette page, vous trouverez notre Politique de confidentialit\u00e9, correspondant aux bonnes pratiques des donn\u00e9es que nous stockons des utilisateurs.\" \/>\n<meta property=\"og:url\" content=\"https:\/\/www.praktikhotels.com\/fr\/politique-de-confidentialite\/\" \/>\n<meta property=\"og:site_name\" content=\"Praktik Hotels - Hoteles boutique en el centro de Barcelona\" \/>\n<meta property=\"article:publisher\" content=\"https:\/\/www.facebook.com\/praktikhotels\/\" \/>\n<meta property=\"article:modified_time\" content=\"2024-07-30T11:29:11+00:00\" \/>\n<meta property=\"og:image\" content=\"https:\/\/www.praktikhotels.com\/wp-content\/uploads\/sites\/13\/2022\/11\/header_about.jpg\" \/>\n\t<meta property=\"og:image:width\" content=\"1920\" \/>\n\t<meta property=\"og:image:height\" content=\"439\" \/>\n\t<meta property=\"og:image:type\" content=\"image\/jpeg\" \/>\n<meta name=\"twitter:card\" content=\"summary_large_image\" \/>\n<meta name=\"twitter:title\" content=\"Politique de confidentialit\u00e9 | Praktik Hotels\" \/>\n<meta name=\"twitter:description\" content=\"Sur cette page, vous trouverez notre Politique de confidentialit\u00e9, correspondant aux bonnes pratiques des donn\u00e9es que nous stockons des utilisateurs.\" \/>\n<meta name=\"twitter:site\" content=\"@praktikhotels\" \/>\n<meta name=\"twitter:label1\" content=\"Dur\u00e9e de lecture estim\u00e9e\" \/>\n\t<meta name=\"twitter:data1\" content=\"4 minutes\" \/>\n<script type=\"application\/ld+json\" class=\"yoast-schema-graph\">{\"@context\":\"https:\/\/schema.org\",\"@graph\":[{\"@type\":\"Article\",\"@id\":\"https:\/\/www.praktikhotels.com\/fr\/politique-de-confidentialite\/#article\",\"isPartOf\":{\"@id\":\"https:\/\/www.praktikhotels.com\/fr\/politique-de-confidentialite\/\"},\"author\":{\"name\":\"praktkmaster\",\"@id\":\"\/#\/schema\/person\/4015c3b656759440a8291536b481326d\"},\"headline\":\"Politique de confidentialit\u00e9\",\"datePublished\":\"2022-11-04T13:47:17+00:00\",\"dateModified\":\"2024-07-30T11:29:11+00:00\",\"mainEntityOfPage\":{\"@id\":\"https:\/\/www.praktikhotels.com\/fr\/politique-de-confidentialite\/\"},\"wordCount\":810,\"publisher\":{\"@id\":\"\/#organization\"},\"image\":{\"@id\":\"https:\/\/www.praktikhotels.com\/fr\/politique-de-confidentialite\/#primaryimage\"},\"thumbnailUrl\":\"https:\/\/www.praktikhotels.com\/wp-content\/uploads\/sites\/13\/2022\/11\/header_about.jpg\",\"inLanguage\":\"fr-FR\"},{\"@type\":\"WebPage\",\"@id\":\"https:\/\/www.praktikhotels.com\/fr\/politique-de-confidentialite\/\",\"url\":\"https:\/\/www.praktikhotels.com\/fr\/politique-de-confidentialite\/\",\"name\":\"Politique de confidentialit\u00e9 | Praktik Hotels\",\"isPartOf\":{\"@id\":\"\/#website\"},\"primaryImageOfPage\":{\"@id\":\"https:\/\/www.praktikhotels.com\/fr\/politique-de-confidentialite\/#primaryimage\"},\"image\":{\"@id\":\"https:\/\/www.praktikhotels.com\/fr\/politique-de-confidentialite\/#primaryimage\"},\"thumbnailUrl\":\"https:\/\/www.praktikhotels.com\/wp-content\/uploads\/sites\/13\/2022\/11\/header_about.jpg\",\"datePublished\":\"2022-11-04T13:47:17+00:00\",\"dateModified\":\"2024-07-30T11:29:11+00:00\",\"description\":\"Sur cette page, vous trouverez notre Politique de confidentialit\u00e9, correspondant aux bonnes pratiques des donn\u00e9es que nous stockons des utilisateurs.\",\"breadcrumb\":{\"@id\":\"https:\/\/www.praktikhotels.com\/fr\/politique-de-confidentialite\/#breadcrumb\"},\"inLanguage\":\"fr-FR\",\"potentialAction\":[{\"@type\":\"ReadAction\",\"target\":[\"https:\/\/www.praktikhotels.com\/fr\/politique-de-confidentialite\/\"]}]},{\"@type\":\"ImageObject\",\"inLanguage\":\"fr-FR\",\"@id\":\"https:\/\/www.praktikhotels.com\/fr\/politique-de-confidentialite\/#primaryimage\",\"url\":\"https:\/\/www.praktikhotels.com\/wp-content\/uploads\/sites\/13\/2022\/11\/header_about.jpg\",\"contentUrl\":\"https:\/\/www.praktikhotels.com\/wp-content\/uploads\/sites\/13\/2022\/11\/header_about.jpg\",\"width\":1920,\"height\":439,\"caption\":\"plantes de l'H\u00f4tel Praktik Rambla\"},{\"@type\":\"BreadcrumbList\",\"@id\":\"https:\/\/www.praktikhotels.com\/fr\/politique-de-confidentialite\/#breadcrumb\",\"itemListElement\":[{\"@type\":\"ListItem\",\"position\":1,\"name\":\"Portada\",\"item\":\"https:\/\/www.praktikhotels.com\/fr\/\"},{\"@type\":\"ListItem\",\"position\":2,\"name\":\"Politique de confidentialit\u00e9\"}]},{\"@type\":\"WebSite\",\"@id\":\"\/#website\",\"url\":\"\/\",\"name\":\"Praktik Hotels - Hoteles boutique en el centro de Barcelona\",\"description\":\"Hoteles boutique en el centro de Barcelona\",\"publisher\":{\"@id\":\"\/#organization\"},\"potentialAction\":[{\"@type\":\"SearchAction\",\"target\":{\"@type\":\"EntryPoint\",\"urlTemplate\":\"\/?s={search_term_string}\"},\"query-input\":\"required name=search_term_string\"}],\"inLanguage\":\"fr-FR\"},{\"@type\":\"Organization\",\"@id\":\"\/#organization\",\"name\":\"Praktik Hotels - Hoteles boutique en el centro de Barcelona\",\"url\":\"\/\",\"logo\":{\"@type\":\"ImageObject\",\"inLanguage\":\"fr-FR\",\"@id\":\"\/#\/schema\/logo\/image\/\",\"url\":\"https:\/\/www.praktikhotels.com\/wp-content\/uploads\/sites\/13\/2022\/11\/praktik-vinoteca-habitacion01.jpg\",\"contentUrl\":\"https:\/\/www.praktikhotels.com\/wp-content\/uploads\/sites\/13\/2022\/11\/praktik-vinoteca-habitacion01.jpg\",\"width\":960,\"height\":635,\"caption\":\"Praktik Hotels - Hoteles boutique en el centro de Barcelona\"},\"image\":{\"@id\":\"\/#\/schema\/logo\/image\/\"},\"sameAs\":[\"https:\/\/www.facebook.com\/praktikhotels\/\",\"https:\/\/x.com\/praktikhotels\",\"https:\/\/www.instagram.com\/praktikhotels\/\"]},{\"@type\":\"Person\",\"@id\":\"\/#\/schema\/person\/4015c3b656759440a8291536b481326d\",\"name\":\"praktkmaster\",\"image\":{\"@type\":\"ImageObject\",\"inLanguage\":\"fr-FR\",\"@id\":\"\/#\/schema\/person\/image\/\",\"url\":\"https:\/\/secure.gravatar.com\/avatar\/29d735a18eaffe4d58415575700d4e8f?s=96&d=mm&r=g\",\"contentUrl\":\"https:\/\/secure.gravatar.com\/avatar\/29d735a18eaffe4d58415575700d4e8f?s=96&d=mm&r=g\",\"caption\":\"praktkmaster\"},\"sameAs\":[\"http:\/\/praktikdev.rkinnova.com\"]}]}<\/script>\n<!-- \/ Yoast SEO plugin. -->","yoast_head_json":{"title":"Politique de confidentialit\u00e9 | Praktik Hotels","description":"Sur cette page, vous trouverez notre Politique de confidentialit\u00e9, correspondant aux bonnes pratiques des donn\u00e9es que nous stockons des utilisateurs.","robots":{"index":"index","follow":"follow","max-snippet":"max-snippet:-1","max-image-preview":"max-image-preview:large","max-video-preview":"max-video-preview:-1"},"canonical":"https:\/\/www.praktikhotels.com\/fr\/politique-de-confidentialite\/","og_locale":"fr_FR","og_type":"article","og_title":"Politique de confidentialit\u00e9 | Praktik Hotels","og_description":"Sur cette page, vous trouverez notre Politique de confidentialit\u00e9, correspondant aux bonnes pratiques des donn\u00e9es que nous stockons des utilisateurs.","og_url":"https:\/\/www.praktikhotels.com\/fr\/politique-de-confidentialite\/","og_site_name":"Praktik Hotels - Hoteles boutique en el centro de Barcelona","article_publisher":"https:\/\/www.facebook.com\/praktikhotels\/","article_modified_time":"2024-07-30T11:29:11+00:00","og_image":[{"width":1920,"height":439,"url":"https:\/\/www.praktikhotels.com\/wp-content\/uploads\/sites\/13\/2022\/11\/header_about.jpg","type":"image\/jpeg"}],"twitter_card":"summary_large_image","twitter_title":"Politique de confidentialit\u00e9 | Praktik Hotels","twitter_description":"Sur cette page, vous trouverez notre Politique de confidentialit\u00e9, correspondant aux bonnes pratiques des donn\u00e9es que nous stockons des utilisateurs.","twitter_site":"@praktikhotels","twitter_misc":{"Dur\u00e9e de lecture estim\u00e9e":"4 minutes"},"schema":{"@context":"https:\/\/schema.org","@graph":[{"@type":"Article","@id":"https:\/\/www.praktikhotels.com\/fr\/politique-de-confidentialite\/#article","isPartOf":{"@id":"https:\/\/www.praktikhotels.com\/fr\/politique-de-confidentialite\/"},"author":{"name":"praktkmaster","@id":"\/#\/schema\/person\/4015c3b656759440a8291536b481326d"},"headline":"Politique de confidentialit\u00e9","datePublished":"2022-11-04T13:47:17+00:00","dateModified":"2024-07-30T11:29:11+00:00","mainEntityOfPage":{"@id":"https:\/\/www.praktikhotels.com\/fr\/politique-de-confidentialite\/"},"wordCount":810,"publisher":{"@id":"\/#organization"},"image":{"@id":"https:\/\/www.praktikhotels.com\/fr\/politique-de-confidentialite\/#primaryimage"},"thumbnailUrl":"https:\/\/www.praktikhotels.com\/wp-content\/uploads\/sites\/13\/2022\/11\/header_about.jpg","inLanguage":"fr-FR"},{"@type":"WebPage","@id":"https:\/\/www.praktikhotels.com\/fr\/politique-de-confidentialite\/","url":"https:\/\/www.praktikhotels.com\/fr\/politique-de-confidentialite\/","name":"Politique de confidentialit\u00e9 | Praktik Hotels","isPartOf":{"@id":"\/#website"},"primaryImageOfPage":{"@id":"https:\/\/www.praktikhotels.com\/fr\/politique-de-confidentialite\/#primaryimage"},"image":{"@id":"https:\/\/www.praktikhotels.com\/fr\/politique-de-confidentialite\/#primaryimage"},"thumbnailUrl":"https:\/\/www.praktikhotels.com\/wp-content\/uploads\/sites\/13\/2022\/11\/header_about.jpg","datePublished":"2022-11-04T13:47:17+00:00","dateModified":"2024-07-30T11:29:11+00:00","description":"Sur cette page, vous trouverez notre Politique de confidentialit\u00e9, correspondant aux bonnes pratiques des donn\u00e9es que nous stockons des utilisateurs.","breadcrumb":{"@id":"https:\/\/www.praktikhotels.com\/fr\/politique-de-confidentialite\/#breadcrumb"},"inLanguage":"fr-FR","potentialAction":[{"@type":"ReadAction","target":["https:\/\/www.praktikhotels.com\/fr\/politique-de-confidentialite\/"]}]},{"@type":"ImageObject","inLanguage":"fr-FR","@id":"https:\/\/www.praktikhotels.com\/fr\/politique-de-confidentialite\/#primaryimage","url":"https:\/\/www.praktikhotels.com\/wp-content\/uploads\/sites\/13\/2022\/11\/header_about.jpg","contentUrl":"https:\/\/www.praktikhotels.com\/wp-content\/uploads\/sites\/13\/2022\/11\/header_about.jpg","width":1920,"height":439,"caption":"plantes de l'H\u00f4tel Praktik Rambla"},{"@type":"BreadcrumbList","@id":"https:\/\/www.praktikhotels.com\/fr\/politique-de-confidentialite\/#breadcrumb","itemListElement":[{"@type":"ListItem","position":1,"name":"Portada","item":"https:\/\/www.praktikhotels.com\/fr\/"},{"@type":"ListItem","position":2,"name":"Politique de confidentialit\u00e9"}]},{"@type":"WebSite","@id":"\/#website","url":"\/","name":"Praktik Hotels - Hoteles boutique en el centro de Barcelona","description":"Hoteles boutique en el centro de Barcelona","publisher":{"@id":"\/#organization"},"potentialAction":[{"@type":"SearchAction","target":{"@type":"EntryPoint","urlTemplate":"\/?s={search_term_string}"},"query-input":"required name=search_term_string"}],"inLanguage":"fr-FR"},{"@type":"Organization","@id":"\/#organization","name":"Praktik Hotels - Hoteles boutique en el centro de Barcelona","url":"\/","logo":{"@type":"ImageObject","inLanguage":"fr-FR","@id":"\/#\/schema\/logo\/image\/","url":"https:\/\/www.praktikhotels.com\/wp-content\/uploads\/sites\/13\/2022\/11\/praktik-vinoteca-habitacion01.jpg","contentUrl":"https:\/\/www.praktikhotels.com\/wp-content\/uploads\/sites\/13\/2022\/11\/praktik-vinoteca-habitacion01.jpg","width":960,"height":635,"caption":"Praktik Hotels - Hoteles boutique en el centro de Barcelona"},"image":{"@id":"\/#\/schema\/logo\/image\/"},"sameAs":["https:\/\/www.facebook.com\/praktikhotels\/","https:\/\/x.com\/praktikhotels","https:\/\/www.instagram.com\/praktikhotels\/"]},{"@type":"Person","@id":"\/#\/schema\/person\/4015c3b656759440a8291536b481326d","name":"praktkmaster","image":{"@type":"ImageObject","inLanguage":"fr-FR","@id":"\/#\/schema\/person\/image\/","url":"https:\/\/secure.gravatar.com\/avatar\/29d735a18eaffe4d58415575700d4e8f?s=96&d=mm&r=g","contentUrl":"https:\/\/secure.gravatar.com\/avatar\/29d735a18eaffe4d58415575700d4e8f?s=96&d=mm&r=g","caption":"praktkmaster"},"sameAs":["http:\/\/praktikdev.rkinnova.com"]}]}},"_links":{"self":[{"href":"https:\/\/www.praktikhotels.com\/fr\/wp-json\/wp\/v2\/pages\/7661"}],"collection":[{"href":"https:\/\/www.praktikhotels.com\/fr\/wp-json\/wp\/v2\/pages"}],"about":[{"href":"https:\/\/www.praktikhotels.com\/fr\/wp-json\/wp\/v2\/types\/page"}],"author":[{"embeddable":true,"href":"https:\/\/www.praktikhotels.com\/fr\/wp-json\/wp\/v2\/users\/1"}],"replies":[{"embeddable":true,"href":"https:\/\/www.praktikhotels.com\/fr\/wp-json\/wp\/v2\/comments?post=7661"}],"version-history":[{"count":2,"href":"https:\/\/www.praktikhotels.com\/fr\/wp-json\/wp\/v2\/pages\/7661\/revisions"}],"predecessor-version":[{"id":14410,"href":"https:\/\/www.praktikhotels.com\/fr\/wp-json\/wp\/v2\/pages\/7661\/revisions\/14410"}],"wp:featuredmedia":[{"embeddable":true,"href":"https:\/\/www.praktikhotels.com\/fr\/wp-json\/wp\/v2\/media\/6684"}],"wp:attachment":[{"href":"https:\/\/www.praktikhotels.com\/fr\/wp-json\/wp\/v2\/media?parent=7661"}],"curies":[{"name":"wp","href":"https:\/\/api.w.org\/{rel}","templated":true}]}}