{"id":11364,"date":"2022-12-27T15:35:03","date_gmt":"2022-12-27T15:35:03","guid":{"rendered":"https:\/\/www.praktikhotels.com\/?page_id=11364"},"modified":"2024-06-18T08:59:22","modified_gmt":"2024-06-18T08:59:22","slug":"travaille-avec-nous","status":"publish","type":"page","link":"https:\/\/www.praktikhotels.com\/fr\/travaille-avec-nous\/","title":{"rendered":"Travaille avec nous"},"content":{"rendered":"<h1 style=\"text-align: center\"><span data-attr-id=\"the_title\" data-extra_key=\"the_title\" data-option-inline=\"1\" data-shortcode=\"thrv_dynamic_data_content\" data-shortcode-name=\"Post title\">Travaille avec nous<\/span><\/h1>\n<h2 style=\"text-align: center\">\u00bfQuieres ser parte de un gran equipo?<\/h2>\n<p style=\"text-align: center\">En Praktik Hotels somos una gran familia comprometida en ofrecer experiencias \u00fanicas.J\u00f3venes entusiastas que aportan diariamente su talento, su visi\u00f3n, su alegr\u00eda y vitalidadpara que nuestros clientes se lleven el mejor recuerdo posible.Si te sientes identificado y, adem\u00e1s, te consideras un excelente compa\u00f1ero\/a,\u00a1env\u00edanos tu candidatura!<\/p>\n<h3 style=\"text-align: center\">Nuestros valores<\/h3>\n<h5 style=\"text-align: center\">Equipo<\/h5>\n<p style=\"text-align: center\">\u00ab\u00a0Si caminas solo ir\u00e1s m\u00e1s r\u00e1pido,si caminas acompa\u00f1ado ir\u00e1s m\u00e1s lejos\u00a0\u00bb.\u00a1Todos sumamos!<\/p>\n<h5 style=\"text-align: center\">Pasi\u00f3n<\/h5>\n<p style=\"text-align: center\">Amamos lo que hacemos y hacemos loque amamos #lovemyjob<\/p>\n<h5 style=\"text-align: center\">Compromiso<\/h5>\n<p style=\"text-align: center\">Estamos comprometidos a dar lo mejorde nosotros y proporcionar excelentesexperiencias<\/p>\n<h5 style=\"text-align: center\">Respeto<\/h5>\n<p style=\"text-align: center\">Cuidamos y fomentamos la buenaconvivencia porque trabajar en unbuen entorno es fundamental<\/p>\n<h3 style=\"text-align: center\">Ofertas de trabajos actuales<\/h3>\n<p style=\"text-align: center\"><strong>Todas las plazas vacantes han sido ocupadas y por el momento no tenemos ofertas disponibles.<\/strong><\/p>\n<h3 style=\"text-align: center\">Ofertas anteriores <span>(inscripciones cerradas)<\/span><\/h3>\n","protected":false},"excerpt":{"rendered":"<p>Travaille avec nous \u00bfQuieres ser parte de un gran equipo? En Praktik Hotels somos una gran familia comprometida en ofrecer experiencias \u00fanicas.J\u00f3venes entusiastas que aportan diariamente su talento, su visi\u00f3n, su alegr\u00eda y vitalidadpara que nuestros clientes se lleven el mejor recuerdo posible.Si te sientes identificado y, adem\u00e1s, te consideras un excelente compa\u00f1ero\/a,\u00a1env\u00edanos tu candidatura! [&hellip;]<\/p>\n","protected":false},"author":1,"featured_media":0,"parent":0,"menu_order":0,"comment_status":"closed","ping_status":"closed","template":"","meta":{"inline_featured_image":false,"footnotes":""},"class_list":["post-11364","page","type-page","status-publish","hentry","post-wrapper","thrv_wrapper"],"yoast_head":"<!-- This site is optimized with the Yoast SEO plugin v23.2 - https:\/\/yoast.com\/wordpress\/plugins\/seo\/ -->\n<title>Travailler avec nous | Praktik Hotels - H\u00f4tels \u00e0 Barcelone<\/title>\n<meta name=\"description\" content=\"Voulez-vous faire partie d&#039;une \u00e9quipe heureuse et dynamique? Chez Praktik Hotels nous vous attendons !\" \/>\n<meta name=\"robots\" content=\"index, follow, max-snippet:-1, max-image-preview:large, max-video-preview:-1\" \/>\n<link rel=\"canonical\" href=\"https:\/\/www.praktikhotels.com\/fr\/travaille-avec-nous\/\" \/>\n<meta property=\"og:locale\" content=\"fr_FR\" \/>\n<meta property=\"og:type\" content=\"article\" \/>\n<meta property=\"og:title\" content=\"Travailler avec nous | Praktik Hotels - H\u00f4tels \u00e0 Barcelone\" \/>\n<meta property=\"og:description\" content=\"Voulez-vous faire partie d&#039;une \u00e9quipe heureuse et dynamique? Chez Praktik Hotels nous vous attendons !\" \/>\n<meta property=\"og:url\" content=\"https:\/\/www.praktikhotels.com\/fr\/travaille-avec-nous\/\" \/>\n<meta property=\"og:site_name\" content=\"Praktik Hotels - Hoteles boutique en el centro de Barcelona\" \/>\n<meta property=\"article:publisher\" content=\"https:\/\/www.facebook.com\/praktikhotels\/\" \/>\n<meta property=\"article:modified_time\" content=\"2024-06-18T08:59:22+00:00\" \/>\n<meta name=\"twitter:card\" content=\"summary_large_image\" \/>\n<meta name=\"twitter:title\" content=\"Travailler avec nous | Praktik Hotels - H\u00f4tels \u00e0 Barcelone\" \/>\n<meta name=\"twitter:description\" content=\"Voulez-vous faire partie d&#039;une \u00e9quipe heureuse et dynamique? Chez Praktik Hotels nous vous attendons !\" \/>\n<meta name=\"twitter:site\" content=\"@praktikhotels\" \/>\n<meta name=\"twitter:label1\" content=\"Dur\u00e9e de lecture estim\u00e9e\" \/>\n\t<meta name=\"twitter:data1\" content=\"1 minute\" \/>\n<script type=\"application\/ld+json\" class=\"yoast-schema-graph\">{\"@context\":\"https:\/\/schema.org\",\"@graph\":[{\"@type\":\"Article\",\"@id\":\"https:\/\/www.praktikhotels.com\/fr\/travaille-avec-nous\/#article\",\"isPartOf\":{\"@id\":\"https:\/\/www.praktikhotels.com\/fr\/travaille-avec-nous\/\"},\"author\":{\"name\":\"praktkmaster\",\"@id\":\"\/#\/schema\/person\/4015c3b656759440a8291536b481326d\"},\"headline\":\"Travaille avec nous\",\"datePublished\":\"2022-12-27T15:35:03+00:00\",\"dateModified\":\"2024-06-18T08:59:22+00:00\",\"mainEntityOfPage\":{\"@id\":\"https:\/\/www.praktikhotels.com\/fr\/travaille-avec-nous\/\"},\"wordCount\":149,\"publisher\":{\"@id\":\"\/#organization\"},\"inLanguage\":\"fr-FR\"},{\"@type\":\"WebPage\",\"@id\":\"https:\/\/www.praktikhotels.com\/fr\/travaille-avec-nous\/\",\"url\":\"https:\/\/www.praktikhotels.com\/fr\/travaille-avec-nous\/\",\"name\":\"Travailler avec nous | Praktik Hotels - H\u00f4tels \u00e0 Barcelone\",\"isPartOf\":{\"@id\":\"\/#website\"},\"datePublished\":\"2022-12-27T15:35:03+00:00\",\"dateModified\":\"2024-06-18T08:59:22+00:00\",\"description\":\"Voulez-vous faire partie d'une \u00e9quipe heureuse et dynamique? Chez Praktik Hotels nous vous attendons !\",\"breadcrumb\":{\"@id\":\"https:\/\/www.praktikhotels.com\/fr\/travaille-avec-nous\/#breadcrumb\"},\"inLanguage\":\"fr-FR\",\"potentialAction\":[{\"@type\":\"ReadAction\",\"target\":[\"https:\/\/www.praktikhotels.com\/fr\/travaille-avec-nous\/\"]}]},{\"@type\":\"BreadcrumbList\",\"@id\":\"https:\/\/www.praktikhotels.com\/fr\/travaille-avec-nous\/#breadcrumb\",\"itemListElement\":[{\"@type\":\"ListItem\",\"position\":1,\"name\":\"Portada\",\"item\":\"https:\/\/www.praktikhotels.com\/fr\/\"},{\"@type\":\"ListItem\",\"position\":2,\"name\":\"Travaille avec nous\"}]},{\"@type\":\"WebSite\",\"@id\":\"\/#website\",\"url\":\"\/\",\"name\":\"Praktik Hotels - Hoteles boutique en el centro de Barcelona\",\"description\":\"Hoteles boutique en el centro de Barcelona\",\"publisher\":{\"@id\":\"\/#organization\"},\"potentialAction\":[{\"@type\":\"SearchAction\",\"target\":{\"@type\":\"EntryPoint\",\"urlTemplate\":\"\/?s={search_term_string}\"},\"query-input\":\"required name=search_term_string\"}],\"inLanguage\":\"fr-FR\"},{\"@type\":\"Organization\",\"@id\":\"\/#organization\",\"name\":\"Praktik Hotels - Hoteles boutique en el centro de Barcelona\",\"url\":\"\/\",\"logo\":{\"@type\":\"ImageObject\",\"inLanguage\":\"fr-FR\",\"@id\":\"\/#\/schema\/logo\/image\/\",\"url\":\"https:\/\/www.praktikhotels.com\/wp-content\/uploads\/sites\/13\/2022\/11\/praktik-vinoteca-habitacion01.jpg\",\"contentUrl\":\"https:\/\/www.praktikhotels.com\/wp-content\/uploads\/sites\/13\/2022\/11\/praktik-vinoteca-habitacion01.jpg\",\"width\":960,\"height\":635,\"caption\":\"Praktik Hotels - Hoteles boutique en el centro de Barcelona\"},\"image\":{\"@id\":\"\/#\/schema\/logo\/image\/\"},\"sameAs\":[\"https:\/\/www.facebook.com\/praktikhotels\/\",\"https:\/\/x.com\/praktikhotels\",\"https:\/\/www.instagram.com\/praktikhotels\/\"]},{\"@type\":\"Person\",\"@id\":\"\/#\/schema\/person\/4015c3b656759440a8291536b481326d\",\"name\":\"praktkmaster\",\"image\":{\"@type\":\"ImageObject\",\"inLanguage\":\"fr-FR\",\"@id\":\"\/#\/schema\/person\/image\/\",\"url\":\"https:\/\/secure.gravatar.com\/avatar\/29d735a18eaffe4d58415575700d4e8f?s=96&d=mm&r=g\",\"contentUrl\":\"https:\/\/secure.gravatar.com\/avatar\/29d735a18eaffe4d58415575700d4e8f?s=96&d=mm&r=g\",\"caption\":\"praktkmaster\"},\"sameAs\":[\"http:\/\/praktikdev.rkinnova.com\"]}]}<\/script>\n<!-- \/ Yoast SEO plugin. -->","yoast_head_json":{"title":"Travailler avec nous | Praktik Hotels - H\u00f4tels \u00e0 Barcelone","description":"Voulez-vous faire partie d'une \u00e9quipe heureuse et dynamique? Chez Praktik Hotels nous vous attendons !","robots":{"index":"index","follow":"follow","max-snippet":"max-snippet:-1","max-image-preview":"max-image-preview:large","max-video-preview":"max-video-preview:-1"},"canonical":"https:\/\/www.praktikhotels.com\/fr\/travaille-avec-nous\/","og_locale":"fr_FR","og_type":"article","og_title":"Travailler avec nous | Praktik Hotels - H\u00f4tels \u00e0 Barcelone","og_description":"Voulez-vous faire partie d'une \u00e9quipe heureuse et dynamique? Chez Praktik Hotels nous vous attendons !","og_url":"https:\/\/www.praktikhotels.com\/fr\/travaille-avec-nous\/","og_site_name":"Praktik Hotels - Hoteles boutique en el centro de Barcelona","article_publisher":"https:\/\/www.facebook.com\/praktikhotels\/","article_modified_time":"2024-06-18T08:59:22+00:00","twitter_card":"summary_large_image","twitter_title":"Travailler avec nous | Praktik Hotels - H\u00f4tels \u00e0 Barcelone","twitter_description":"Voulez-vous faire partie d'une \u00e9quipe heureuse et dynamique? Chez Praktik Hotels nous vous attendons !","twitter_site":"@praktikhotels","twitter_misc":{"Dur\u00e9e de lecture estim\u00e9e":"1 minute"},"schema":{"@context":"https:\/\/schema.org","@graph":[{"@type":"Article","@id":"https:\/\/www.praktikhotels.com\/fr\/travaille-avec-nous\/#article","isPartOf":{"@id":"https:\/\/www.praktikhotels.com\/fr\/travaille-avec-nous\/"},"author":{"name":"praktkmaster","@id":"\/#\/schema\/person\/4015c3b656759440a8291536b481326d"},"headline":"Travaille avec nous","datePublished":"2022-12-27T15:35:03+00:00","dateModified":"2024-06-18T08:59:22+00:00","mainEntityOfPage":{"@id":"https:\/\/www.praktikhotels.com\/fr\/travaille-avec-nous\/"},"wordCount":149,"publisher":{"@id":"\/#organization"},"inLanguage":"fr-FR"},{"@type":"WebPage","@id":"https:\/\/www.praktikhotels.com\/fr\/travaille-avec-nous\/","url":"https:\/\/www.praktikhotels.com\/fr\/travaille-avec-nous\/","name":"Travailler avec nous | Praktik Hotels - H\u00f4tels \u00e0 Barcelone","isPartOf":{"@id":"\/#website"},"datePublished":"2022-12-27T15:35:03+00:00","dateModified":"2024-06-18T08:59:22+00:00","description":"Voulez-vous faire partie d'une \u00e9quipe heureuse et dynamique? Chez Praktik Hotels nous vous attendons !","breadcrumb":{"@id":"https:\/\/www.praktikhotels.com\/fr\/travaille-avec-nous\/#breadcrumb"},"inLanguage":"fr-FR","potentialAction":[{"@type":"ReadAction","target":["https:\/\/www.praktikhotels.com\/fr\/travaille-avec-nous\/"]}]},{"@type":"BreadcrumbList","@id":"https:\/\/www.praktikhotels.com\/fr\/travaille-avec-nous\/#breadcrumb","itemListElement":[{"@type":"ListItem","position":1,"name":"Portada","item":"https:\/\/www.praktikhotels.com\/fr\/"},{"@type":"ListItem","position":2,"name":"Travaille avec nous"}]},{"@type":"WebSite","@id":"\/#website","url":"\/","name":"Praktik Hotels - Hoteles boutique en el centro de Barcelona","description":"Hoteles boutique en el centro de Barcelona","publisher":{"@id":"\/#organization"},"potentialAction":[{"@type":"SearchAction","target":{"@type":"EntryPoint","urlTemplate":"\/?s={search_term_string}"},"query-input":"required name=search_term_string"}],"inLanguage":"fr-FR"},{"@type":"Organization","@id":"\/#organization","name":"Praktik Hotels - Hoteles boutique en el centro de Barcelona","url":"\/","logo":{"@type":"ImageObject","inLanguage":"fr-FR","@id":"\/#\/schema\/logo\/image\/","url":"https:\/\/www.praktikhotels.com\/wp-content\/uploads\/sites\/13\/2022\/11\/praktik-vinoteca-habitacion01.jpg","contentUrl":"https:\/\/www.praktikhotels.com\/wp-content\/uploads\/sites\/13\/2022\/11\/praktik-vinoteca-habitacion01.jpg","width":960,"height":635,"caption":"Praktik Hotels - Hoteles boutique en el centro de Barcelona"},"image":{"@id":"\/#\/schema\/logo\/image\/"},"sameAs":["https:\/\/www.facebook.com\/praktikhotels\/","https:\/\/x.com\/praktikhotels","https:\/\/www.instagram.com\/praktikhotels\/"]},{"@type":"Person","@id":"\/#\/schema\/person\/4015c3b656759440a8291536b481326d","name":"praktkmaster","image":{"@type":"ImageObject","inLanguage":"fr-FR","@id":"\/#\/schema\/person\/image\/","url":"https:\/\/secure.gravatar.com\/avatar\/29d735a18eaffe4d58415575700d4e8f?s=96&d=mm&r=g","contentUrl":"https:\/\/secure.gravatar.com\/avatar\/29d735a18eaffe4d58415575700d4e8f?s=96&d=mm&r=g","caption":"praktkmaster"},"sameAs":["http:\/\/praktikdev.rkinnova.com"]}]}},"_links":{"self":[{"href":"https:\/\/www.praktikhotels.com\/fr\/wp-json\/wp\/v2\/pages\/11364"}],"collection":[{"href":"https:\/\/www.praktikhotels.com\/fr\/wp-json\/wp\/v2\/pages"}],"about":[{"href":"https:\/\/www.praktikhotels.com\/fr\/wp-json\/wp\/v2\/types\/page"}],"author":[{"embeddable":true,"href":"https:\/\/www.praktikhotels.com\/fr\/wp-json\/wp\/v2\/users\/1"}],"replies":[{"embeddable":true,"href":"https:\/\/www.praktikhotels.com\/fr\/wp-json\/wp\/v2\/comments?post=11364"}],"version-history":[{"count":2,"href":"https:\/\/www.praktikhotels.com\/fr\/wp-json\/wp\/v2\/pages\/11364\/revisions"}],"predecessor-version":[{"id":14400,"href":"https:\/\/www.praktikhotels.com\/fr\/wp-json\/wp\/v2\/pages\/11364\/revisions\/14400"}],"wp:attachment":[{"href":"https:\/\/www.praktikhotels.com\/fr\/wp-json\/wp\/v2\/media?parent=11364"}],"curies":[{"name":"wp","href":"https:\/\/api.w.org\/{rel}","templated":true}]}}