{"id":11351,"date":"2022-12-27T15:34:36","date_gmt":"2022-12-27T15:34:36","guid":{"rendered":"https:\/\/www.praktikhotels.com\/?page_id=11351"},"modified":"2023-11-24T09:15:27","modified_gmt":"2023-11-24T09:15:27","slug":"salle-de-presse","status":"publish","type":"page","link":"https:\/\/www.praktikhotels.com\/fr\/salle-de-presse\/","title":{"rendered":"Presse"},"content":{"rendered":"<h1 style=\"text-align: center\"><\/h1>\n<p><a href=\"https:\/\/www.caribbeannewsdigital.com\/es\/industria-hotelera\/certificado-espanol-ecostar-se-expande-nivel-mundial\" target=\"_blank\" rel=\"noopener\"><img decoding=\"async\" title=\"caibbean-news\" src=\"https:\/\/www.praktikhotels.com\/wp-content\/uploads\/sites\/13\/caibbean-news.jpg\" alt=\"Caribbean news praktik\" width=\"320\" height=\"320\" data-id=\"11657\" data-init-width=\"480\" data-init-height=\"320\" data-width=\"320\" data-link-wrap=\"true\" \/><\/a><\/p>\n<p style=\"text-align: center\">Certificado espa\u00f1ol Ecostar se expande a nivel mundial<\/p>\n<p><a href=\"https:\/\/www.hosteltur.com\/comunidad\/nota\/030121_el-certificado-de-sostenibilidad-hotelera-ecostars-se-expande-a-nivel-global.html\" target=\"_blank\" rel=\"noopener\"><img decoding=\"async\" title=\"hosteltur-praktik\" src=\"https:\/\/www.praktikhotels.com\/wp-content\/uploads\/sites\/13\/hosteltur-praktik.jpg\" alt=\"hosteltur praktik\" width=\"320\" height=\"320\" data-id=\"11663\" data-init-width=\"480\" data-init-height=\"320\" data-width=\"320\" \/><\/a><\/p>\n<p style=\"text-align: center\">El certificado de sostenibilidad hotelera Ecostars se expande a nivel global<\/p>\n<p><a href=\"https:\/\/www.cntraveller.com\/gallery\/best-hotels-in-barcelona\" target=\"_blank\" rel=\"noopener\"><img decoding=\"async\" title=\"conde nast-praktik\" src=\"https:\/\/www.praktikhotels.com\/wp-content\/uploads\/sites\/13\/condenaste-praktik.jpg\" alt=\"conde nast praktik\" width=\"320\" height=\"320\" data-id=\"11669\" data-init-width=\"480\" data-init-height=\"320\" data-width=\"320\" \/><\/a><\/p>\n<p style=\"text-align: center\">The 15 best hotels in Barcelona<\/p>\n<p><a href=\"https:\/\/www.geo.fr\/voyage\/salle-de-cinema-simulateur-de-vol-studio-denregistrement-ces-10-hotels-ou-lon-ne-fait-pas-que-dormir-209625\" target=\"_blank\" rel=\"noopener\"><img decoding=\"async\" title=\"geo-praktik\" src=\"https:\/\/www.praktikhotels.com\/wp-content\/uploads\/sites\/13\/geo-praktik.jpg\" alt=\"Geo Praktik\" width=\"430\" height=\"320\" data-id=\"11679\" data-init-width=\"480\" data-init-height=\"320\" data-width=\"430\" data-link-wrap=\"true\" \/><\/a><\/p>\n<p style=\"text-align: center\">Ces 10 h\u00f4tels o\u00f9 l&rsquo;on ne fait pas que dormir: Praktik Bakery<\/p>\n<p><a href=\"https:\/\/thefashioncuisine.com\/4-key-reasons-to-stay-at-hotel-praktik-bakery-barcelona\/\" target=\"_blank\" rel=\"noopener\" data-tcb_hover_state_parent=\"\"><img decoding=\"async\" title=\"thefashioincuisine-praktik\" src=\"https:\/\/www.praktikhotels.com\/wp-content\/uploads\/sites\/13\/thefashioincuisine-praktik.jpg\" alt=\"the Fashion Cuisine Praktik\" width=\"430\" height=\"320\" data-id=\"11685\" data-init-width=\"480\" data-init-height=\"320\" data-width=\"430\" \/><\/a><\/p>\n<p style=\"text-align: center\">4 Key reasons to stay at hotel Praktik Bakery Barcelona<\/p>\n<p><a href=\"https:\/\/www.abzonline.de\/karriere\/aktuell\/entdeckt-duftschwaden-im-hotel-150562\" target=\"_blank\" rel=\"noopener\"><img decoding=\"async\" title=\"abz-praktik\" src=\"https:\/\/www.praktikhotels.com\/wp-content\/uploads\/sites\/13\/abz-praktik.jpg\" alt=\"ABZ Praktik\" width=\"430\" height=\"320\" data-id=\"11691\" data-init-width=\"480\" data-init-height=\"320\" data-width=\"430\" \/><\/a><\/p>\n<p style=\"text-align: center\">Das Praktik Bakery in Barcelona g\u00f6nnt Kunden und G\u00e4sten eine Elf-Mitarbeiter-B\u00e4ckerei.<\/p>\n<p><a href=\"https:\/\/www.elmundofinanciero.com\/noticia\/94806\/empresas\/artiem-hotels-apartamentos-vistasol-y-hosbec-ganan-el-premio-hotels-&amp;-tourism-de-caixabank.html\" target=\"_blank\" rel=\"noopener\"><img decoding=\"async\" title=\"financiero-praktik-press\" src=\"https:\/\/www.praktikhotels.com\/wp-content\/uploads\/sites\/13\/financiero-praktik-press.jpg\" alt=\"El mundo financiero - prensa praktik\" width=\"320\" height=\"320\" data-id=\"11778\" data-init-width=\"480\" data-init-height=\"320\" data-width=\"320\" \/><\/a><\/p>\n<p style=\"text-align: center\">Artiem Hotels, Apartamentos Vistasol y HOSBEC ganan el premio Hotels &amp; Tourism de CaixaBank<\/p>\n<p><a href=\"https:\/\/www.europapress.es\/turismo\/hoteles\/noticia-praktik-hotels-catalonia-hotelsresorts-ganan-premios-hotelstourism-caixabank-20210505170211.html\" target=\"_blank\" rel=\"noopener\"><img decoding=\"async\" title=\"europapress-praktik-press\" src=\"https:\/\/www.praktikhotels.com\/wp-content\/uploads\/sites\/13\/europapress-praktik-press.jpg\" alt=\"Europapress- prensa praktik\" width=\"332\" height=\"320\" data-id=\"11784\" data-init-width=\"480\" data-init-height=\"320\" data-width=\"332\" data-link-wrap=\"true\" \/><\/a><\/p>\n<p style=\"text-align: center\">Praktik Hotels y Catalonia Hotels&amp;Resorts ganan los premios de Hotels&amp;Tourism de CaixaBank<\/p>\n<p>&nbsp;<\/p>\n","protected":false},"excerpt":{"rendered":"<p>Certificado espa\u00f1ol Ecostar se expande a nivel mundial El certificado de sostenibilidad hotelera Ecostars se expande a nivel global The 15 best hotels in Barcelona Ces 10 h\u00f4tels o\u00f9 l&rsquo;on ne fait pas que dormir: Praktik Bakery 4 Key reasons to stay at hotel Praktik Bakery Barcelona Das Praktik Bakery in Barcelona g\u00f6nnt Kunden und [&hellip;]<\/p>\n","protected":false},"author":1,"featured_media":0,"parent":0,"menu_order":0,"comment_status":"closed","ping_status":"closed","template":"","meta":{"inline_featured_image":false,"footnotes":""},"class_list":["post-11351","page","type-page","status-publish","hentry","post-wrapper","thrv_wrapper"],"yoast_head":"<!-- This site is optimized with the Yoast SEO plugin v23.2 - https:\/\/yoast.com\/wordpress\/plugins\/seo\/ -->\n<title>Salle de presse | Praktik Hotels - H\u00f4tels \u00e0 Barcelone<\/title>\n<meta name=\"description\" content=\"Consultez la section salle de presse pour d\u00e9couvrir les apparitions de Praktik Hotels dans les m\u00e9dias.\" \/>\n<meta name=\"robots\" content=\"index, follow, max-snippet:-1, max-image-preview:large, max-video-preview:-1\" \/>\n<link rel=\"canonical\" href=\"https:\/\/www.praktikhotels.com\/fr\/salle-de-presse\/\" \/>\n<meta property=\"og:locale\" content=\"fr_FR\" \/>\n<meta property=\"og:type\" content=\"article\" \/>\n<meta property=\"og:title\" content=\"Salle de presse | Praktik Hotels - H\u00f4tels \u00e0 Barcelone\" \/>\n<meta property=\"og:description\" content=\"Consultez la section salle de presse pour d\u00e9couvrir les apparitions de Praktik Hotels dans les m\u00e9dias.\" \/>\n<meta property=\"og:url\" content=\"https:\/\/www.praktikhotels.com\/fr\/salle-de-presse\/\" \/>\n<meta property=\"og:site_name\" content=\"Praktik Hotels - Hoteles boutique en el centro de Barcelona\" \/>\n<meta property=\"article:publisher\" content=\"https:\/\/www.facebook.com\/praktikhotels\/\" \/>\n<meta property=\"article:modified_time\" content=\"2023-11-24T09:15:27+00:00\" \/>\n<meta property=\"og:image\" content=\"https:\/\/www.praktikhotels.com\/wp-content\/uploads\/sites\/13\/caibbean-news.jpg\" \/>\n<meta name=\"twitter:card\" content=\"summary_large_image\" \/>\n<meta name=\"twitter:title\" content=\"Salle de presse | Praktik Hotels - H\u00f4tels \u00e0 Barcelone\" \/>\n<meta name=\"twitter:description\" content=\"Consultez la section salle de presse pour d\u00e9couvrir les apparitions de Praktik Hotels dans les m\u00e9dias.\" \/>\n<meta name=\"twitter:site\" content=\"@praktikhotels\" \/>\n<meta name=\"twitter:label1\" content=\"Dur\u00e9e de lecture estim\u00e9e\" \/>\n\t<meta name=\"twitter:data1\" content=\"2 minutes\" \/>\n<script type=\"application\/ld+json\" class=\"yoast-schema-graph\">{\"@context\":\"https:\/\/schema.org\",\"@graph\":[{\"@type\":\"Article\",\"@id\":\"https:\/\/www.praktikhotels.com\/fr\/salle-de-presse\/#article\",\"isPartOf\":{\"@id\":\"https:\/\/www.praktikhotels.com\/fr\/salle-de-presse\/\"},\"author\":{\"name\":\"praktkmaster\",\"@id\":\"\/#\/schema\/person\/4015c3b656759440a8291536b481326d\"},\"headline\":\"Presse\",\"datePublished\":\"2022-12-27T15:34:36+00:00\",\"dateModified\":\"2023-11-24T09:15:27+00:00\",\"mainEntityOfPage\":{\"@id\":\"https:\/\/www.praktikhotels.com\/fr\/salle-de-presse\/\"},\"wordCount\":93,\"publisher\":{\"@id\":\"\/#organization\"},\"image\":{\"@id\":\"https:\/\/www.praktikhotels.com\/fr\/salle-de-presse\/#primaryimage\"},\"thumbnailUrl\":\"https:\/\/www.praktikhotels.com\/wp-content\/uploads\/sites\/13\/caibbean-news.jpg\",\"inLanguage\":\"fr-FR\"},{\"@type\":\"WebPage\",\"@id\":\"https:\/\/www.praktikhotels.com\/fr\/salle-de-presse\/\",\"url\":\"https:\/\/www.praktikhotels.com\/fr\/salle-de-presse\/\",\"name\":\"Salle de presse | Praktik Hotels - H\u00f4tels \u00e0 Barcelone\",\"isPartOf\":{\"@id\":\"\/#website\"},\"primaryImageOfPage\":{\"@id\":\"https:\/\/www.praktikhotels.com\/fr\/salle-de-presse\/#primaryimage\"},\"image\":{\"@id\":\"https:\/\/www.praktikhotels.com\/fr\/salle-de-presse\/#primaryimage\"},\"thumbnailUrl\":\"https:\/\/www.praktikhotels.com\/wp-content\/uploads\/sites\/13\/caibbean-news.jpg\",\"datePublished\":\"2022-12-27T15:34:36+00:00\",\"dateModified\":\"2023-11-24T09:15:27+00:00\",\"description\":\"Consultez la section salle de presse pour d\u00e9couvrir les apparitions de Praktik Hotels dans les m\u00e9dias.\",\"breadcrumb\":{\"@id\":\"https:\/\/www.praktikhotels.com\/fr\/salle-de-presse\/#breadcrumb\"},\"inLanguage\":\"fr-FR\",\"potentialAction\":[{\"@type\":\"ReadAction\",\"target\":[\"https:\/\/www.praktikhotels.com\/fr\/salle-de-presse\/\"]}]},{\"@type\":\"ImageObject\",\"inLanguage\":\"fr-FR\",\"@id\":\"https:\/\/www.praktikhotels.com\/fr\/salle-de-presse\/#primaryimage\",\"url\":\"https:\/\/www.praktikhotels.com\/wp-content\/uploads\/sites\/13\/caibbean-news.jpg\",\"contentUrl\":\"https:\/\/www.praktikhotels.com\/wp-content\/uploads\/sites\/13\/caibbean-news.jpg\"},{\"@type\":\"BreadcrumbList\",\"@id\":\"https:\/\/www.praktikhotels.com\/fr\/salle-de-presse\/#breadcrumb\",\"itemListElement\":[{\"@type\":\"ListItem\",\"position\":1,\"name\":\"Portada\",\"item\":\"https:\/\/www.praktikhotels.com\/fr\/\"},{\"@type\":\"ListItem\",\"position\":2,\"name\":\"Presse\"}]},{\"@type\":\"WebSite\",\"@id\":\"\/#website\",\"url\":\"\/\",\"name\":\"Praktik Hotels - Hoteles boutique en el centro de Barcelona\",\"description\":\"Hoteles boutique en el centro de Barcelona\",\"publisher\":{\"@id\":\"\/#organization\"},\"potentialAction\":[{\"@type\":\"SearchAction\",\"target\":{\"@type\":\"EntryPoint\",\"urlTemplate\":\"\/?s={search_term_string}\"},\"query-input\":\"required name=search_term_string\"}],\"inLanguage\":\"fr-FR\"},{\"@type\":\"Organization\",\"@id\":\"\/#organization\",\"name\":\"Praktik Hotels - Hoteles boutique en el centro de Barcelona\",\"url\":\"\/\",\"logo\":{\"@type\":\"ImageObject\",\"inLanguage\":\"fr-FR\",\"@id\":\"\/#\/schema\/logo\/image\/\",\"url\":\"https:\/\/www.praktikhotels.com\/wp-content\/uploads\/sites\/13\/2022\/11\/praktik-vinoteca-habitacion01.jpg\",\"contentUrl\":\"https:\/\/www.praktikhotels.com\/wp-content\/uploads\/sites\/13\/2022\/11\/praktik-vinoteca-habitacion01.jpg\",\"width\":960,\"height\":635,\"caption\":\"Praktik Hotels - Hoteles boutique en el centro de Barcelona\"},\"image\":{\"@id\":\"\/#\/schema\/logo\/image\/\"},\"sameAs\":[\"https:\/\/www.facebook.com\/praktikhotels\/\",\"https:\/\/x.com\/praktikhotels\",\"https:\/\/www.instagram.com\/praktikhotels\/\"]},{\"@type\":\"Person\",\"@id\":\"\/#\/schema\/person\/4015c3b656759440a8291536b481326d\",\"name\":\"praktkmaster\",\"image\":{\"@type\":\"ImageObject\",\"inLanguage\":\"fr-FR\",\"@id\":\"\/#\/schema\/person\/image\/\",\"url\":\"https:\/\/secure.gravatar.com\/avatar\/29d735a18eaffe4d58415575700d4e8f?s=96&d=mm&r=g\",\"contentUrl\":\"https:\/\/secure.gravatar.com\/avatar\/29d735a18eaffe4d58415575700d4e8f?s=96&d=mm&r=g\",\"caption\":\"praktkmaster\"},\"sameAs\":[\"http:\/\/praktikdev.rkinnova.com\"]}]}<\/script>\n<!-- \/ Yoast SEO plugin. -->","yoast_head_json":{"title":"Salle de presse | Praktik Hotels - H\u00f4tels \u00e0 Barcelone","description":"Consultez la section salle de presse pour d\u00e9couvrir les apparitions de Praktik Hotels dans les m\u00e9dias.","robots":{"index":"index","follow":"follow","max-snippet":"max-snippet:-1","max-image-preview":"max-image-preview:large","max-video-preview":"max-video-preview:-1"},"canonical":"https:\/\/www.praktikhotels.com\/fr\/salle-de-presse\/","og_locale":"fr_FR","og_type":"article","og_title":"Salle de presse | Praktik Hotels - H\u00f4tels \u00e0 Barcelone","og_description":"Consultez la section salle de presse pour d\u00e9couvrir les apparitions de Praktik Hotels dans les m\u00e9dias.","og_url":"https:\/\/www.praktikhotels.com\/fr\/salle-de-presse\/","og_site_name":"Praktik Hotels - Hoteles boutique en el centro de Barcelona","article_publisher":"https:\/\/www.facebook.com\/praktikhotels\/","article_modified_time":"2023-11-24T09:15:27+00:00","og_image":[{"url":"https:\/\/www.praktikhotels.com\/wp-content\/uploads\/sites\/13\/caibbean-news.jpg"}],"twitter_card":"summary_large_image","twitter_title":"Salle de presse | Praktik Hotels - H\u00f4tels \u00e0 Barcelone","twitter_description":"Consultez la section salle de presse pour d\u00e9couvrir les apparitions de Praktik Hotels dans les m\u00e9dias.","twitter_site":"@praktikhotels","twitter_misc":{"Dur\u00e9e de lecture estim\u00e9e":"2 minutes"},"schema":{"@context":"https:\/\/schema.org","@graph":[{"@type":"Article","@id":"https:\/\/www.praktikhotels.com\/fr\/salle-de-presse\/#article","isPartOf":{"@id":"https:\/\/www.praktikhotels.com\/fr\/salle-de-presse\/"},"author":{"name":"praktkmaster","@id":"\/#\/schema\/person\/4015c3b656759440a8291536b481326d"},"headline":"Presse","datePublished":"2022-12-27T15:34:36+00:00","dateModified":"2023-11-24T09:15:27+00:00","mainEntityOfPage":{"@id":"https:\/\/www.praktikhotels.com\/fr\/salle-de-presse\/"},"wordCount":93,"publisher":{"@id":"\/#organization"},"image":{"@id":"https:\/\/www.praktikhotels.com\/fr\/salle-de-presse\/#primaryimage"},"thumbnailUrl":"https:\/\/www.praktikhotels.com\/wp-content\/uploads\/sites\/13\/caibbean-news.jpg","inLanguage":"fr-FR"},{"@type":"WebPage","@id":"https:\/\/www.praktikhotels.com\/fr\/salle-de-presse\/","url":"https:\/\/www.praktikhotels.com\/fr\/salle-de-presse\/","name":"Salle de presse | Praktik Hotels - H\u00f4tels \u00e0 Barcelone","isPartOf":{"@id":"\/#website"},"primaryImageOfPage":{"@id":"https:\/\/www.praktikhotels.com\/fr\/salle-de-presse\/#primaryimage"},"image":{"@id":"https:\/\/www.praktikhotels.com\/fr\/salle-de-presse\/#primaryimage"},"thumbnailUrl":"https:\/\/www.praktikhotels.com\/wp-content\/uploads\/sites\/13\/caibbean-news.jpg","datePublished":"2022-12-27T15:34:36+00:00","dateModified":"2023-11-24T09:15:27+00:00","description":"Consultez la section salle de presse pour d\u00e9couvrir les apparitions de Praktik Hotels dans les m\u00e9dias.","breadcrumb":{"@id":"https:\/\/www.praktikhotels.com\/fr\/salle-de-presse\/#breadcrumb"},"inLanguage":"fr-FR","potentialAction":[{"@type":"ReadAction","target":["https:\/\/www.praktikhotels.com\/fr\/salle-de-presse\/"]}]},{"@type":"ImageObject","inLanguage":"fr-FR","@id":"https:\/\/www.praktikhotels.com\/fr\/salle-de-presse\/#primaryimage","url":"https:\/\/www.praktikhotels.com\/wp-content\/uploads\/sites\/13\/caibbean-news.jpg","contentUrl":"https:\/\/www.praktikhotels.com\/wp-content\/uploads\/sites\/13\/caibbean-news.jpg"},{"@type":"BreadcrumbList","@id":"https:\/\/www.praktikhotels.com\/fr\/salle-de-presse\/#breadcrumb","itemListElement":[{"@type":"ListItem","position":1,"name":"Portada","item":"https:\/\/www.praktikhotels.com\/fr\/"},{"@type":"ListItem","position":2,"name":"Presse"}]},{"@type":"WebSite","@id":"\/#website","url":"\/","name":"Praktik Hotels - Hoteles boutique en el centro de Barcelona","description":"Hoteles boutique en el centro de Barcelona","publisher":{"@id":"\/#organization"},"potentialAction":[{"@type":"SearchAction","target":{"@type":"EntryPoint","urlTemplate":"\/?s={search_term_string}"},"query-input":"required name=search_term_string"}],"inLanguage":"fr-FR"},{"@type":"Organization","@id":"\/#organization","name":"Praktik Hotels - Hoteles boutique en el centro de Barcelona","url":"\/","logo":{"@type":"ImageObject","inLanguage":"fr-FR","@id":"\/#\/schema\/logo\/image\/","url":"https:\/\/www.praktikhotels.com\/wp-content\/uploads\/sites\/13\/2022\/11\/praktik-vinoteca-habitacion01.jpg","contentUrl":"https:\/\/www.praktikhotels.com\/wp-content\/uploads\/sites\/13\/2022\/11\/praktik-vinoteca-habitacion01.jpg","width":960,"height":635,"caption":"Praktik Hotels - Hoteles boutique en el centro de Barcelona"},"image":{"@id":"\/#\/schema\/logo\/image\/"},"sameAs":["https:\/\/www.facebook.com\/praktikhotels\/","https:\/\/x.com\/praktikhotels","https:\/\/www.instagram.com\/praktikhotels\/"]},{"@type":"Person","@id":"\/#\/schema\/person\/4015c3b656759440a8291536b481326d","name":"praktkmaster","image":{"@type":"ImageObject","inLanguage":"fr-FR","@id":"\/#\/schema\/person\/image\/","url":"https:\/\/secure.gravatar.com\/avatar\/29d735a18eaffe4d58415575700d4e8f?s=96&d=mm&r=g","contentUrl":"https:\/\/secure.gravatar.com\/avatar\/29d735a18eaffe4d58415575700d4e8f?s=96&d=mm&r=g","caption":"praktkmaster"},"sameAs":["http:\/\/praktikdev.rkinnova.com"]}]}},"_links":{"self":[{"href":"https:\/\/www.praktikhotels.com\/fr\/wp-json\/wp\/v2\/pages\/11351"}],"collection":[{"href":"https:\/\/www.praktikhotels.com\/fr\/wp-json\/wp\/v2\/pages"}],"about":[{"href":"https:\/\/www.praktikhotels.com\/fr\/wp-json\/wp\/v2\/types\/page"}],"author":[{"embeddable":true,"href":"https:\/\/www.praktikhotels.com\/fr\/wp-json\/wp\/v2\/users\/1"}],"replies":[{"embeddable":true,"href":"https:\/\/www.praktikhotels.com\/fr\/wp-json\/wp\/v2\/comments?post=11351"}],"version-history":[{"count":1,"href":"https:\/\/www.praktikhotels.com\/fr\/wp-json\/wp\/v2\/pages\/11351\/revisions"}],"predecessor-version":[{"id":14307,"href":"https:\/\/www.praktikhotels.com\/fr\/wp-json\/wp\/v2\/pages\/11351\/revisions\/14307"}],"wp:attachment":[{"href":"https:\/\/www.praktikhotels.com\/fr\/wp-json\/wp\/v2\/media?parent=11351"}],"curies":[{"name":"wp","href":"https:\/\/api.w.org\/{rel}","templated":true}]}}