{"id":11299,"date":"2023-01-03T07:58:56","date_gmt":"2023-01-03T07:58:56","guid":{"rendered":"https:\/\/www.praktikhotels.com\/?page_id=11299"},"modified":"2026-03-27T10:41:23","modified_gmt":"2026-03-27T10:41:23","slug":"condiciones-de-reserva","status":"publish","type":"page","link":"https:\/\/www.praktikhotels.com\/es\/condiciones-de-reserva\/","title":{"rendered":"Condiciones de reserva"},"content":{"rendered":"<p dir=\"ltr\">Una vez completada la reserva, el cliente recibir\u00e1 un correo electr\u00f3nico de confirmaci\u00f3n que servir\u00e1 como comprobante de la misma.<\/p>\n<p dir=\"ltr\">La reserva quedar\u00e1 confirmada y garantizada mediante tarjeta de cr\u00e9dito. Durante el proceso de reserva, los datos de la tarjeta podr\u00e1n ser verificados con el fin de autorizar los cargos previstos en estas condiciones.<\/p>\n<p dir=\"ltr\">En caso de no presentaci\u00f3n en el hotel sin previo aviso, se cargar\u00e1 el importe de la primera noche de estancia, IVA incluido.<\/p>\n<p dir=\"ltr\">La cancelaci\u00f3n de la reserva ser\u00e1 gratuita siempre que se realice dentro del plazo establecido en la pol\u00edtica de cancelaci\u00f3n aplicable a la tarifa seleccionada. Dichas condiciones podr\u00e1n variar en funci\u00f3n de las fechas de estancia y del tipo de reserva contratado.<\/p>\n<p dir=\"ltr\">Una vez vencido el plazo de cancelaci\u00f3n gratuita, Praktik Hotels podr\u00e1 cargar el importe correspondiente a la primera noche de estancia, IVA incluido, o el importe total de la reserva, seg\u00fan las condiciones espec\u00edficas aplicables en cada caso.<\/p>\n<p dir=\"ltr\">En aquellos supuestos en los que proceda el cobro del importe total de la estancia, se podr\u00e1 valorar la devoluci\u00f3n total o parcial de las cantidades abonadas cuando as\u00ed corresponda, conforme a la normativa aplicable y a los servicios finalmente no disfrutados.<\/p>\n<p dir=\"ltr\">Asimismo, la estancia estar\u00e1 sujeta al impuesto sobre las estancias en establecimientos tur\u00edsticos y al recargo municipal que resulten aplicables de acuerdo con la normativa vigente en la fecha de la estancia. Estos importes no estar\u00e1n incluidos en el precio de la reserva, salvo indicaci\u00f3n expresa en contrario, y deber\u00e1n abonarse en el establecimiento. En todo caso, se reflejar\u00e1n de forma desglosada en la factura o justificante de pago.<\/p>\n","protected":false},"excerpt":{"rendered":"<p>Una vez completada la reserva, el cliente recibir\u00e1 un correo electr\u00f3nico de confirmaci\u00f3n que servir\u00e1 como comprobante de la misma. La reserva quedar\u00e1 confirmada y garantizada mediante tarjeta de cr\u00e9dito. Durante el proceso de reserva, los datos de la tarjeta podr\u00e1n ser verificados con el fin de autorizar los cargos previstos en estas condiciones. En [&hellip;]<\/p>\n","protected":false},"author":1,"featured_media":0,"parent":0,"menu_order":0,"comment_status":"closed","ping_status":"closed","template":"","meta":{"inline_featured_image":false,"footnotes":""},"class_list":["post-11299","page","type-page","status-publish","hentry","post-wrapper","thrv_wrapper"],"yoast_head":"<!-- This site is optimized with the Yoast SEO plugin v23.2 - https:\/\/yoast.com\/wordpress\/plugins\/seo\/ -->\n<title>Condiciones de reserva | Hoteles Praktik<\/title>\n<meta name=\"description\" content=\"Cuando haya realizado la reserva, recibir\u00e1 un correo electr\u00f3nica con la confirmaci\u00f3n de reserva para su estancia.\" \/>\n<meta name=\"robots\" content=\"index, follow, max-snippet:-1, max-image-preview:large, max-video-preview:-1\" \/>\n<link rel=\"canonical\" href=\"https:\/\/www.praktikhotels.com\/es\/condiciones-de-reserva\/\" \/>\n<meta property=\"og:locale\" content=\"es_ES\" \/>\n<meta property=\"og:type\" content=\"article\" \/>\n<meta property=\"og:title\" content=\"Condiciones de reserva | Hoteles Praktik\" \/>\n<meta property=\"og:description\" content=\"Cuando haya realizado la reserva, recibir\u00e1 un correo electr\u00f3nica con la confirmaci\u00f3n de reserva para su estancia.\" \/>\n<meta property=\"og:url\" content=\"https:\/\/www.praktikhotels.com\/es\/condiciones-de-reserva\/\" \/>\n<meta property=\"og:site_name\" content=\"Praktik Hotels - Hoteles boutique en el centro de Barcelona\" \/>\n<meta property=\"article:publisher\" content=\"https:\/\/www.facebook.com\/praktikhotels\/\" \/>\n<meta property=\"article:modified_time\" content=\"2026-03-27T10:41:23+00:00\" \/>\n<meta name=\"twitter:card\" content=\"summary_large_image\" \/>\n<meta name=\"twitter:title\" content=\"Condiciones de reserva | Hoteles Praktik\" \/>\n<meta name=\"twitter:description\" content=\"Cuando haya realizado la reserva, recibir\u00e1 un correo electr\u00f3nica con la confirmaci\u00f3n de reserva para su estancia.\" \/>\n<meta name=\"twitter:site\" content=\"@praktikhotels\" \/>\n<meta name=\"twitter:label1\" content=\"Tiempo de lectura\" \/>\n\t<meta name=\"twitter:data1\" content=\"1 minuto\" \/>\n<script type=\"application\/ld+json\" class=\"yoast-schema-graph\">{\"@context\":\"https:\/\/schema.org\",\"@graph\":[{\"@type\":\"Article\",\"@id\":\"https:\/\/www.praktikhotels.com\/es\/condiciones-de-reserva\/#article\",\"isPartOf\":{\"@id\":\"https:\/\/www.praktikhotels.com\/es\/condiciones-de-reserva\/\"},\"author\":{\"name\":\"praktkmaster\",\"@id\":\"\/#\/schema\/person\/4015c3b656759440a8291536b481326d\"},\"headline\":\"Condiciones de reserva\",\"datePublished\":\"2023-01-03T07:58:56+00:00\",\"dateModified\":\"2026-03-27T10:41:23+00:00\",\"mainEntityOfPage\":{\"@id\":\"https:\/\/www.praktikhotels.com\/es\/condiciones-de-reserva\/\"},\"wordCount\":290,\"publisher\":{\"@id\":\"\/#organization\"},\"inLanguage\":\"es\"},{\"@type\":\"WebPage\",\"@id\":\"https:\/\/www.praktikhotels.com\/es\/condiciones-de-reserva\/\",\"url\":\"https:\/\/www.praktikhotels.com\/es\/condiciones-de-reserva\/\",\"name\":\"Condiciones de reserva | Hoteles Praktik\",\"isPartOf\":{\"@id\":\"\/#website\"},\"datePublished\":\"2023-01-03T07:58:56+00:00\",\"dateModified\":\"2026-03-27T10:41:23+00:00\",\"description\":\"Cuando haya realizado la reserva, recibir\u00e1 un correo electr\u00f3nica con la confirmaci\u00f3n de reserva para su estancia.\",\"breadcrumb\":{\"@id\":\"https:\/\/www.praktikhotels.com\/es\/condiciones-de-reserva\/#breadcrumb\"},\"inLanguage\":\"es\",\"potentialAction\":[{\"@type\":\"ReadAction\",\"target\":[\"https:\/\/www.praktikhotels.com\/es\/condiciones-de-reserva\/\"]}]},{\"@type\":\"BreadcrumbList\",\"@id\":\"https:\/\/www.praktikhotels.com\/es\/condiciones-de-reserva\/#breadcrumb\",\"itemListElement\":[{\"@type\":\"ListItem\",\"position\":1,\"name\":\"Portada\",\"item\":\"https:\/\/www.praktikhotels.com\/es\/\"},{\"@type\":\"ListItem\",\"position\":2,\"name\":\"Condiciones de reserva\"}]},{\"@type\":\"WebSite\",\"@id\":\"\/#website\",\"url\":\"\/\",\"name\":\"Praktik Hotels - Hoteles boutique en el centro de Barcelona\",\"description\":\"Hoteles boutique en el centro de Barcelona\",\"publisher\":{\"@id\":\"\/#organization\"},\"potentialAction\":[{\"@type\":\"SearchAction\",\"target\":{\"@type\":\"EntryPoint\",\"urlTemplate\":\"\/?s={search_term_string}\"},\"query-input\":\"required name=search_term_string\"}],\"inLanguage\":\"es\"},{\"@type\":\"Organization\",\"@id\":\"\/#organization\",\"name\":\"Praktik Hotels - Hoteles boutique en el centro de Barcelona\",\"url\":\"\/\",\"logo\":{\"@type\":\"ImageObject\",\"inLanguage\":\"es\",\"@id\":\"\/#\/schema\/logo\/image\/\",\"url\":\"https:\/\/www.praktikhotels.com\/wp-content\/uploads\/sites\/13\/2022\/11\/praktik-vinoteca-habitacion01.jpg\",\"contentUrl\":\"https:\/\/www.praktikhotels.com\/wp-content\/uploads\/sites\/13\/2022\/11\/praktik-vinoteca-habitacion01.jpg\",\"width\":960,\"height\":635,\"caption\":\"Praktik Hotels - Hoteles boutique en el centro de Barcelona\"},\"image\":{\"@id\":\"\/#\/schema\/logo\/image\/\"},\"sameAs\":[\"https:\/\/www.facebook.com\/praktikhotels\/\",\"https:\/\/x.com\/praktikhotels\",\"https:\/\/www.instagram.com\/praktikhotels\/\"]},{\"@type\":\"Person\",\"@id\":\"\/#\/schema\/person\/4015c3b656759440a8291536b481326d\",\"name\":\"praktkmaster\",\"image\":{\"@type\":\"ImageObject\",\"inLanguage\":\"es\",\"@id\":\"\/#\/schema\/person\/image\/\",\"url\":\"https:\/\/secure.gravatar.com\/avatar\/29d735a18eaffe4d58415575700d4e8f?s=96&d=mm&r=g\",\"contentUrl\":\"https:\/\/secure.gravatar.com\/avatar\/29d735a18eaffe4d58415575700d4e8f?s=96&d=mm&r=g\",\"caption\":\"praktkmaster\"},\"sameAs\":[\"http:\/\/praktikdev.rkinnova.com\"]}]}<\/script>\n<!-- \/ Yoast SEO plugin. -->","yoast_head_json":{"title":"Condiciones de reserva | Hoteles Praktik","description":"Cuando haya realizado la reserva, recibir\u00e1 un correo electr\u00f3nica con la confirmaci\u00f3n de reserva para su estancia.","robots":{"index":"index","follow":"follow","max-snippet":"max-snippet:-1","max-image-preview":"max-image-preview:large","max-video-preview":"max-video-preview:-1"},"canonical":"https:\/\/www.praktikhotels.com\/es\/condiciones-de-reserva\/","og_locale":"es_ES","og_type":"article","og_title":"Condiciones de reserva | Hoteles Praktik","og_description":"Cuando haya realizado la reserva, recibir\u00e1 un correo electr\u00f3nica con la confirmaci\u00f3n de reserva para su estancia.","og_url":"https:\/\/www.praktikhotels.com\/es\/condiciones-de-reserva\/","og_site_name":"Praktik Hotels - Hoteles boutique en el centro de Barcelona","article_publisher":"https:\/\/www.facebook.com\/praktikhotels\/","article_modified_time":"2026-03-27T10:41:23+00:00","twitter_card":"summary_large_image","twitter_title":"Condiciones de reserva | Hoteles Praktik","twitter_description":"Cuando haya realizado la reserva, recibir\u00e1 un correo electr\u00f3nica con la confirmaci\u00f3n de reserva para su estancia.","twitter_site":"@praktikhotels","twitter_misc":{"Tiempo de lectura":"1 minuto"},"schema":{"@context":"https:\/\/schema.org","@graph":[{"@type":"Article","@id":"https:\/\/www.praktikhotels.com\/es\/condiciones-de-reserva\/#article","isPartOf":{"@id":"https:\/\/www.praktikhotels.com\/es\/condiciones-de-reserva\/"},"author":{"name":"praktkmaster","@id":"\/#\/schema\/person\/4015c3b656759440a8291536b481326d"},"headline":"Condiciones de reserva","datePublished":"2023-01-03T07:58:56+00:00","dateModified":"2026-03-27T10:41:23+00:00","mainEntityOfPage":{"@id":"https:\/\/www.praktikhotels.com\/es\/condiciones-de-reserva\/"},"wordCount":290,"publisher":{"@id":"\/#organization"},"inLanguage":"es"},{"@type":"WebPage","@id":"https:\/\/www.praktikhotels.com\/es\/condiciones-de-reserva\/","url":"https:\/\/www.praktikhotels.com\/es\/condiciones-de-reserva\/","name":"Condiciones de reserva | Hoteles Praktik","isPartOf":{"@id":"\/#website"},"datePublished":"2023-01-03T07:58:56+00:00","dateModified":"2026-03-27T10:41:23+00:00","description":"Cuando haya realizado la reserva, recibir\u00e1 un correo electr\u00f3nica con la confirmaci\u00f3n de reserva para su estancia.","breadcrumb":{"@id":"https:\/\/www.praktikhotels.com\/es\/condiciones-de-reserva\/#breadcrumb"},"inLanguage":"es","potentialAction":[{"@type":"ReadAction","target":["https:\/\/www.praktikhotels.com\/es\/condiciones-de-reserva\/"]}]},{"@type":"BreadcrumbList","@id":"https:\/\/www.praktikhotels.com\/es\/condiciones-de-reserva\/#breadcrumb","itemListElement":[{"@type":"ListItem","position":1,"name":"Portada","item":"https:\/\/www.praktikhotels.com\/es\/"},{"@type":"ListItem","position":2,"name":"Condiciones de reserva"}]},{"@type":"WebSite","@id":"\/#website","url":"\/","name":"Praktik Hotels - Hoteles boutique en el centro de Barcelona","description":"Hoteles boutique en el centro de Barcelona","publisher":{"@id":"\/#organization"},"potentialAction":[{"@type":"SearchAction","target":{"@type":"EntryPoint","urlTemplate":"\/?s={search_term_string}"},"query-input":"required name=search_term_string"}],"inLanguage":"es"},{"@type":"Organization","@id":"\/#organization","name":"Praktik Hotels - Hoteles boutique en el centro de Barcelona","url":"\/","logo":{"@type":"ImageObject","inLanguage":"es","@id":"\/#\/schema\/logo\/image\/","url":"https:\/\/www.praktikhotels.com\/wp-content\/uploads\/sites\/13\/2022\/11\/praktik-vinoteca-habitacion01.jpg","contentUrl":"https:\/\/www.praktikhotels.com\/wp-content\/uploads\/sites\/13\/2022\/11\/praktik-vinoteca-habitacion01.jpg","width":960,"height":635,"caption":"Praktik Hotels - Hoteles boutique en el centro de Barcelona"},"image":{"@id":"\/#\/schema\/logo\/image\/"},"sameAs":["https:\/\/www.facebook.com\/praktikhotels\/","https:\/\/x.com\/praktikhotels","https:\/\/www.instagram.com\/praktikhotels\/"]},{"@type":"Person","@id":"\/#\/schema\/person\/4015c3b656759440a8291536b481326d","name":"praktkmaster","image":{"@type":"ImageObject","inLanguage":"es","@id":"\/#\/schema\/person\/image\/","url":"https:\/\/secure.gravatar.com\/avatar\/29d735a18eaffe4d58415575700d4e8f?s=96&d=mm&r=g","contentUrl":"https:\/\/secure.gravatar.com\/avatar\/29d735a18eaffe4d58415575700d4e8f?s=96&d=mm&r=g","caption":"praktkmaster"},"sameAs":["http:\/\/praktikdev.rkinnova.com"]}]}},"_links":{"self":[{"href":"https:\/\/www.praktikhotels.com\/es\/wp-json\/wp\/v2\/pages\/11299"}],"collection":[{"href":"https:\/\/www.praktikhotels.com\/es\/wp-json\/wp\/v2\/pages"}],"about":[{"href":"https:\/\/www.praktikhotels.com\/es\/wp-json\/wp\/v2\/types\/page"}],"author":[{"embeddable":true,"href":"https:\/\/www.praktikhotels.com\/es\/wp-json\/wp\/v2\/users\/1"}],"replies":[{"embeddable":true,"href":"https:\/\/www.praktikhotels.com\/es\/wp-json\/wp\/v2\/comments?post=11299"}],"version-history":[{"count":2,"href":"https:\/\/www.praktikhotels.com\/es\/wp-json\/wp\/v2\/pages\/11299\/revisions"}],"predecessor-version":[{"id":14518,"href":"https:\/\/www.praktikhotels.com\/es\/wp-json\/wp\/v2\/pages\/11299\/revisions\/14518"}],"wp:attachment":[{"href":"https:\/\/www.praktikhotels.com\/es\/wp-json\/wp\/v2\/media?parent=11299"}],"curies":[{"name":"wp","href":"https:\/\/api.w.org\/{rel}","templated":true}]}}