{"id":7666,"date":"2022-11-04T13:47:17","date_gmt":"2022-11-04T13:47:17","guid":{"rendered":"https:\/\/www.hotelpraktikrambla.com\/?page_id=7666"},"modified":"2024-07-30T11:34:29","modified_gmt":"2024-07-30T11:34:29","slug":"datenschutz-bestimmungen","status":"publish","type":"page","link":"https:\/\/www.praktikhotels.com\/de\/datenschutz-bestimmungen\/","title":{"rendered":"Datenschutz-Bestimmungen"},"content":{"rendered":"<h5>1.- Wer ist f\u00fcr die Verarbeitung der personenbezogenen Daten der Websitebenutzer verantwortlich?<\/h5>\n<p>Firmenname: BUDGET HOTELS, S.L. (im Folgenden &#8222;Praktik Hotels\u201c)<br \/>\nFirmensitz: C\/Pedro i Pons 9-11, 4\u00ba 1\u00aa, CP 08034 de Barcelona, Spanien<br \/>\nUSt-IdNr: B-63965974<br \/>\nTelefon: (+34) 93 321 93 41 \/ (+34) 93 363 27 60<br \/>\nE-Mail: protecciondedatos@praktikhotels.com<br \/>\nEingetragen im Handelsregister von Barcelona: Band: 46954, Seite: 158 und Blattnummer: B-536315, Inschrift 1<\/p>\n<h5>2.- Zu welchem Zweck werden die personenbezogenen Daten der Websitebenutzer verarbeitet?<\/h5>\n<ul>\n<li>Um die Anfragen der Websitebenutzer, die sich mit Praktik Hotels \u00fcber die Website in Verbindung setzen, bearbeiten zu k\u00f6nnen.<\/li>\n<li>Um ihnen kommerzielle Mitteilungen \u00fcber die Hotels der Unternehmensgruppe PRAKTIK HOTELS zu \u00fcbermitteln.<\/li>\n<\/ul>\n<h5>3.- Wie lange werden die personenbezogenen Daten der Websitebenutzer von Praktik Hotels gespeichert?<\/h5>\n<div id=\"apartado-3\" class=\"col-md-12 center-left\">\n<p>Die personenbezogenen Daten werden f\u00fcnf Jahre lang gespeichert.<\/p>\n<\/div>\n<h5>4.- Welche Legitimation gilt f\u00fcr die Verarbeitung der personenbezogenen Daten der Websitebenutzer?<\/h5>\n<p>Die Rechtsgrundlage f\u00fcr die Verarbeitung der personenbezogenen Daten der Websitebenutzer ist ihr vorheriges Einverst\u00e4ndnis anhand der Annahme dieser Datenschutzbestimmungen.<\/p>\n<h5>5.- Welchen Empf\u00e4ngern werden die personenbezogenen Daten \u00fcbermittelt?<\/h5>\n<p>Die personenbezogenen Daten der Websitebenutzer werden an die Hotels der Unternehmensgruppe PRAKTIK HOTELS auf Grundlage unseres berechtigten Interesses \u00fcbermittelt und um ihnen einen besseren Service anzubieten. In jedem Fall werden die Daten nicht international weitergegeben, au\u00dfer wenn dies gesetzlich vorgeschrieben ist.<\/p>\n<h5>6.- Welche Rechte haben die Websitebenutzer hinsichtlich ihrer personenbezogenen Daten?<\/h5>\n<p>Praktik Hotels garantiert den Websitebenutzern in jedem Fall die Aus\u00fcbung ihrer Rechte, die wie folgt lauten:<\/p>\n<ul>\n<li>Jedwede Person hat das Recht, dar\u00fcber informiert zu werden, ob wir bei Praktik Hotels personenbezogene Daten verarbeiten oder nicht.zugreifen, sowie bei Ungenauigkeit ihre Richtigstellung oder gegebenenfalls ihre L\u00f6schung beantragen, falls die Daten unter anderem nicht mehr zu den anf\u00e4nglich erforderlichen Zwecken ben\u00f6tigt werden.<\/li>\n<li>Unter gewissen Umst\u00e4nden k\u00f6nnen die Interessenten die Einschr\u00e4nkung der Verarbeitung ihrer personenbezogenen Daten beantragen, die in diesem Fall ausschlie\u00dflich nur zur Erstellung oder Verteidigung von Reklamationen eingesetzt werden.<\/li>\n<li>Unter bestimmten Umst\u00e4nden und aus besonderen pers\u00f6nlichen Gr\u00fcnden k\u00f6nnen die Interessenten der Verarbeitung ihrer Daten widersprechen. Praktik Hotels wird die Daten nicht weiter verarbeiten, au\u00dfer wenn dies aus rechtlichen Gr\u00fcnden oder aufgrund der Erstellung oder Verteidigung von m\u00f6glichen Reklamationen erforderlich sein sollte.<\/li>\n<li>Die Websitebenutzer haben ebenso das Recht auf \u00dcbertragbarkeit ihrer Daten an andere Unternehmen, immer dann, wenn sie dies ausdr\u00fccklich beantragen und technisch umsetzbar ist und nicht automatisierten Entscheidungen unterliegt (inklusive der Erstellung von Profilen).<\/li>\n<\/ul>\n<p>Der Websitebenutzer kann seine Rechte per Antrag \u00fcber eines der folgenden Medien geltend machen:<\/p>\n<ul>\n<li>E-Mail: protecciondedatos@praktikhotels.coml<\/li>\n<li>Postweg: C\/Pedro i Pons 9-11, CP 08034 Barcelona, Spanien<\/li>\n<\/ul>\n<p>Ebenso informieren wir die Websitebenutzer, dass sie das Recht haben, ihr Einverst\u00e4ndnis zu jedem Zeitpunkt zur\u00fcckzuziehen, ohne das dies die Zul\u00e4ssigkeit der Verarbeitung hinsichtlich des zuvor gegebenen Einverst\u00e4ndnisses beeintr\u00e4chtigt, und sie eine Reklamation bei der Spanischen Datenschutzagentur einreichen k\u00f6nnen, insbesondere wenn sie nicht mit der Aus\u00fcbung ihrer Rechte zufrieden waren.<br \/>\nJedwede Kontaktdaten und Formalit\u00e4ten der Spanischen Datenschutzagentur k\u00f6nnen auf folgender Website eingesehen werden: https:\/\/www.agpd.es<\/p>\n<h5>7.- Wie haben wir die personenbezogenen Daten der Websitebenutzer erhalten?<\/h5>\n<p>Praktik Hotels hat die Daten der Websitebenutzer durch den Kontakt des Websitebenutzers selbst mit Praktik Hotels per Telefon und\/oder E-Mail erhalten, die auf der Website des Hotels zu finden sind.<\/p>\n<h5>8.- Kategorien der verarbeiteten personenbezogenen Daten<\/h5>\n<p>Auf folgende personenbezogenen Daten hat Praktik Hotels Zugriff:<\/p>\n<ul>\n<li>Identifizierungsdaten<\/li>\n<li>Postanschrift oder E-Mail<\/li>\n<\/ul>\n<p>Es werden keine besonders gesch\u00fctzten Daten oder Daten von Sonderkategorien verarbeitet.<\/p>\n<h5>9.- Anwendbare Richtlinien<\/h5>\n<p>PRAKTIK HOTELS verarbeitet die Daten in \u00dcbereinstimmung mit:<\/p>\n<ul>\n<li>Der Verordnung (EU) 2016\/79 des Europ\u00e4ischen Parlaments und Rates vom 27. April 2016 zum Schutz von personenbezogenen Daten hinsichtlich ihrer Verarbeitung und ihrem freien Datenverkehr (DSGVO).<\/li>\n<li>Dem spanischen Gesetz 15\/1999 vom 13. Dezember zum Schutz von personenbezogenen Daten (LOPD).<\/li>\n<\/ul>\n<h5>10.- Anfragen<\/h5>\n<p>Bei Fragen oder Kommentaren \u00fcber die Art und Weise in der Praktik Hotels die Daten der Websitebenutzer verarbeitet, wenden Sie sich bitte an protecciondedatos@praktikhotels.com<\/p>\n","protected":false},"excerpt":{"rendered":"<p>1.- Wer ist f\u00fcr die Verarbeitung der personenbezogenen Daten der Websitebenutzer verantwortlich? Firmenname: BUDGET HOTELS, S.L. (im Folgenden &#8222;Praktik Hotels\u201c) Firmensitz: C\/Pedro i Pons 9-11, 4\u00ba 1\u00aa, CP 08034 de Barcelona, Spanien USt-IdNr: B-63965974 Telefon: (+34) 93 321 93 41 \/ (+34) 93 363 27 60 E-Mail: protecciondedatos@praktikhotels.com Eingetragen im Handelsregister von Barcelona: Band: 46954, [&hellip;]<\/p>\n","protected":false},"author":1,"featured_media":6685,"parent":0,"menu_order":0,"comment_status":"closed","ping_status":"closed","template":"","meta":{"inline_featured_image":false,"footnotes":""},"class_list":["post-7666","page","type-page","status-publish","has-post-thumbnail","hentry","post-wrapper","thrv_wrapper"],"yoast_head":"<!-- This site is optimized with the Yoast SEO plugin v23.2 - https:\/\/yoast.com\/wordpress\/plugins\/seo\/ -->\n<title>Datenschutzrichtlinie | Praktik Hotels<\/title>\n<meta name=\"description\" content=\"Auf dieser Seite finden Sie unsere Datenschutzrichtlinie, die den bew\u00e4hrten Praktiken f\u00fcr die Daten entspricht, die wir von den Benutzern speichern.\" \/>\n<meta name=\"robots\" content=\"index, follow, max-snippet:-1, max-image-preview:large, max-video-preview:-1\" \/>\n<link rel=\"canonical\" href=\"https:\/\/www.praktikhotels.com\/de\/datenschutz-bestimmungen\/\" \/>\n<meta property=\"og:locale\" content=\"de_DE\" \/>\n<meta property=\"og:type\" content=\"article\" \/>\n<meta property=\"og:title\" content=\"Datenschutzrichtlinie | Praktik Hotels\" \/>\n<meta property=\"og:description\" content=\"Auf dieser Seite finden Sie unsere Datenschutzrichtlinie, die den bew\u00e4hrten Praktiken f\u00fcr die Daten entspricht, die wir von den Benutzern speichern.\" \/>\n<meta property=\"og:url\" content=\"https:\/\/www.praktikhotels.com\/de\/datenschutz-bestimmungen\/\" \/>\n<meta property=\"og:site_name\" content=\"Praktik Hotels - Hoteles boutique en el centro de Barcelona\" \/>\n<meta property=\"article:publisher\" content=\"https:\/\/www.facebook.com\/praktikhotels\/\" \/>\n<meta property=\"article:modified_time\" content=\"2024-07-30T11:34:29+00:00\" \/>\n<meta property=\"og:image\" content=\"https:\/\/www.praktikhotels.com\/wp-content\/uploads\/sites\/13\/2022\/11\/header_about.jpg\" \/>\n\t<meta property=\"og:image:width\" content=\"1920\" \/>\n\t<meta property=\"og:image:height\" content=\"439\" \/>\n\t<meta property=\"og:image:type\" content=\"image\/jpeg\" \/>\n<meta name=\"twitter:card\" content=\"summary_large_image\" \/>\n<meta name=\"twitter:title\" content=\"Datenschutzrichtlinie | Praktik Hotels\" \/>\n<meta name=\"twitter:description\" content=\"Auf dieser Seite finden Sie unsere Datenschutzrichtlinie, die den bew\u00e4hrten Praktiken f\u00fcr die Daten entspricht, die wir von den Benutzern speichern.\" \/>\n<meta name=\"twitter:site\" content=\"@praktikhotels\" \/>\n<meta name=\"twitter:label1\" content=\"Gesch\u00e4tzte Lesezeit\" \/>\n\t<meta name=\"twitter:data1\" content=\"4\u00a0Minuten\" \/>\n<script type=\"application\/ld+json\" class=\"yoast-schema-graph\">{\"@context\":\"https:\/\/schema.org\",\"@graph\":[{\"@type\":\"Article\",\"@id\":\"https:\/\/www.praktikhotels.com\/de\/datenschutz-bestimmungen\/#article\",\"isPartOf\":{\"@id\":\"https:\/\/www.praktikhotels.com\/de\/datenschutz-bestimmungen\/\"},\"author\":{\"name\":\"praktkmaster\",\"@id\":\"\/#\/schema\/person\/4015c3b656759440a8291536b481326d\"},\"headline\":\"Datenschutz-Bestimmungen\",\"datePublished\":\"2022-11-04T13:47:17+00:00\",\"dateModified\":\"2024-07-30T11:34:29+00:00\",\"mainEntityOfPage\":{\"@id\":\"https:\/\/www.praktikhotels.com\/de\/datenschutz-bestimmungen\/\"},\"wordCount\":641,\"publisher\":{\"@id\":\"\/#organization\"},\"image\":{\"@id\":\"https:\/\/www.praktikhotels.com\/de\/datenschutz-bestimmungen\/#primaryimage\"},\"thumbnailUrl\":\"https:\/\/www.praktikhotels.com\/wp-content\/uploads\/sites\/13\/2022\/11\/header_about.jpg\",\"inLanguage\":\"de\"},{\"@type\":\"WebPage\",\"@id\":\"https:\/\/www.praktikhotels.com\/de\/datenschutz-bestimmungen\/\",\"url\":\"https:\/\/www.praktikhotels.com\/de\/datenschutz-bestimmungen\/\",\"name\":\"Datenschutzrichtlinie | Praktik Hotels\",\"isPartOf\":{\"@id\":\"\/#website\"},\"primaryImageOfPage\":{\"@id\":\"https:\/\/www.praktikhotels.com\/de\/datenschutz-bestimmungen\/#primaryimage\"},\"image\":{\"@id\":\"https:\/\/www.praktikhotels.com\/de\/datenschutz-bestimmungen\/#primaryimage\"},\"thumbnailUrl\":\"https:\/\/www.praktikhotels.com\/wp-content\/uploads\/sites\/13\/2022\/11\/header_about.jpg\",\"datePublished\":\"2022-11-04T13:47:17+00:00\",\"dateModified\":\"2024-07-30T11:34:29+00:00\",\"description\":\"Auf dieser Seite finden Sie unsere Datenschutzrichtlinie, die den bew\u00e4hrten Praktiken f\u00fcr die Daten entspricht, die wir von den Benutzern speichern.\",\"breadcrumb\":{\"@id\":\"https:\/\/www.praktikhotels.com\/de\/datenschutz-bestimmungen\/#breadcrumb\"},\"inLanguage\":\"de\",\"potentialAction\":[{\"@type\":\"ReadAction\",\"target\":[\"https:\/\/www.praktikhotels.com\/de\/datenschutz-bestimmungen\/\"]}]},{\"@type\":\"ImageObject\",\"inLanguage\":\"de\",\"@id\":\"https:\/\/www.praktikhotels.com\/de\/datenschutz-bestimmungen\/#primaryimage\",\"url\":\"https:\/\/www.praktikhotels.com\/wp-content\/uploads\/sites\/13\/2022\/11\/header_about.jpg\",\"contentUrl\":\"https:\/\/www.praktikhotels.com\/wp-content\/uploads\/sites\/13\/2022\/11\/header_about.jpg\",\"width\":1920,\"height\":439,\"caption\":\"Pflanzen im Hotel Praktik Rambla\"},{\"@type\":\"BreadcrumbList\",\"@id\":\"https:\/\/www.praktikhotels.com\/de\/datenschutz-bestimmungen\/#breadcrumb\",\"itemListElement\":[{\"@type\":\"ListItem\",\"position\":1,\"name\":\"Portada\",\"item\":\"https:\/\/www.praktikhotels.com\/de\/\"},{\"@type\":\"ListItem\",\"position\":2,\"name\":\"Datenschutz-Bestimmungen\"}]},{\"@type\":\"WebSite\",\"@id\":\"\/#website\",\"url\":\"\/\",\"name\":\"Praktik Hotels - Hoteles boutique en el centro de Barcelona\",\"description\":\"Hoteles boutique en el centro de Barcelona\",\"publisher\":{\"@id\":\"\/#organization\"},\"potentialAction\":[{\"@type\":\"SearchAction\",\"target\":{\"@type\":\"EntryPoint\",\"urlTemplate\":\"\/?s={search_term_string}\"},\"query-input\":\"required name=search_term_string\"}],\"inLanguage\":\"de\"},{\"@type\":\"Organization\",\"@id\":\"\/#organization\",\"name\":\"Praktik Hotels - Hoteles boutique en el centro de Barcelona\",\"url\":\"\/\",\"logo\":{\"@type\":\"ImageObject\",\"inLanguage\":\"de\",\"@id\":\"\/#\/schema\/logo\/image\/\",\"url\":\"https:\/\/www.praktikhotels.com\/wp-content\/uploads\/sites\/13\/2022\/11\/praktik-vinoteca-habitacion01.jpg\",\"contentUrl\":\"https:\/\/www.praktikhotels.com\/wp-content\/uploads\/sites\/13\/2022\/11\/praktik-vinoteca-habitacion01.jpg\",\"width\":960,\"height\":635,\"caption\":\"Praktik Hotels - Hoteles boutique en el centro de Barcelona\"},\"image\":{\"@id\":\"\/#\/schema\/logo\/image\/\"},\"sameAs\":[\"https:\/\/www.facebook.com\/praktikhotels\/\",\"https:\/\/x.com\/praktikhotels\",\"https:\/\/www.instagram.com\/praktikhotels\/\"]},{\"@type\":\"Person\",\"@id\":\"\/#\/schema\/person\/4015c3b656759440a8291536b481326d\",\"name\":\"praktkmaster\",\"image\":{\"@type\":\"ImageObject\",\"inLanguage\":\"de\",\"@id\":\"\/#\/schema\/person\/image\/\",\"url\":\"https:\/\/secure.gravatar.com\/avatar\/29d735a18eaffe4d58415575700d4e8f?s=96&d=mm&r=g\",\"contentUrl\":\"https:\/\/secure.gravatar.com\/avatar\/29d735a18eaffe4d58415575700d4e8f?s=96&d=mm&r=g\",\"caption\":\"praktkmaster\"},\"sameAs\":[\"http:\/\/praktikdev.rkinnova.com\"]}]}<\/script>\n<!-- \/ Yoast SEO plugin. -->","yoast_head_json":{"title":"Datenschutzrichtlinie | Praktik Hotels","description":"Auf dieser Seite finden Sie unsere Datenschutzrichtlinie, die den bew\u00e4hrten Praktiken f\u00fcr die Daten entspricht, die wir von den Benutzern speichern.","robots":{"index":"index","follow":"follow","max-snippet":"max-snippet:-1","max-image-preview":"max-image-preview:large","max-video-preview":"max-video-preview:-1"},"canonical":"https:\/\/www.praktikhotels.com\/de\/datenschutz-bestimmungen\/","og_locale":"de_DE","og_type":"article","og_title":"Datenschutzrichtlinie | Praktik Hotels","og_description":"Auf dieser Seite finden Sie unsere Datenschutzrichtlinie, die den bew\u00e4hrten Praktiken f\u00fcr die Daten entspricht, die wir von den Benutzern speichern.","og_url":"https:\/\/www.praktikhotels.com\/de\/datenschutz-bestimmungen\/","og_site_name":"Praktik Hotels - Hoteles boutique en el centro de Barcelona","article_publisher":"https:\/\/www.facebook.com\/praktikhotels\/","article_modified_time":"2024-07-30T11:34:29+00:00","og_image":[{"width":1920,"height":439,"url":"https:\/\/www.praktikhotels.com\/wp-content\/uploads\/sites\/13\/2022\/11\/header_about.jpg","type":"image\/jpeg"}],"twitter_card":"summary_large_image","twitter_title":"Datenschutzrichtlinie | Praktik Hotels","twitter_description":"Auf dieser Seite finden Sie unsere Datenschutzrichtlinie, die den bew\u00e4hrten Praktiken f\u00fcr die Daten entspricht, die wir von den Benutzern speichern.","twitter_site":"@praktikhotels","twitter_misc":{"Gesch\u00e4tzte Lesezeit":"4\u00a0Minuten"},"schema":{"@context":"https:\/\/schema.org","@graph":[{"@type":"Article","@id":"https:\/\/www.praktikhotels.com\/de\/datenschutz-bestimmungen\/#article","isPartOf":{"@id":"https:\/\/www.praktikhotels.com\/de\/datenschutz-bestimmungen\/"},"author":{"name":"praktkmaster","@id":"\/#\/schema\/person\/4015c3b656759440a8291536b481326d"},"headline":"Datenschutz-Bestimmungen","datePublished":"2022-11-04T13:47:17+00:00","dateModified":"2024-07-30T11:34:29+00:00","mainEntityOfPage":{"@id":"https:\/\/www.praktikhotels.com\/de\/datenschutz-bestimmungen\/"},"wordCount":641,"publisher":{"@id":"\/#organization"},"image":{"@id":"https:\/\/www.praktikhotels.com\/de\/datenschutz-bestimmungen\/#primaryimage"},"thumbnailUrl":"https:\/\/www.praktikhotels.com\/wp-content\/uploads\/sites\/13\/2022\/11\/header_about.jpg","inLanguage":"de"},{"@type":"WebPage","@id":"https:\/\/www.praktikhotels.com\/de\/datenschutz-bestimmungen\/","url":"https:\/\/www.praktikhotels.com\/de\/datenschutz-bestimmungen\/","name":"Datenschutzrichtlinie | Praktik Hotels","isPartOf":{"@id":"\/#website"},"primaryImageOfPage":{"@id":"https:\/\/www.praktikhotels.com\/de\/datenschutz-bestimmungen\/#primaryimage"},"image":{"@id":"https:\/\/www.praktikhotels.com\/de\/datenschutz-bestimmungen\/#primaryimage"},"thumbnailUrl":"https:\/\/www.praktikhotels.com\/wp-content\/uploads\/sites\/13\/2022\/11\/header_about.jpg","datePublished":"2022-11-04T13:47:17+00:00","dateModified":"2024-07-30T11:34:29+00:00","description":"Auf dieser Seite finden Sie unsere Datenschutzrichtlinie, die den bew\u00e4hrten Praktiken f\u00fcr die Daten entspricht, die wir von den Benutzern speichern.","breadcrumb":{"@id":"https:\/\/www.praktikhotels.com\/de\/datenschutz-bestimmungen\/#breadcrumb"},"inLanguage":"de","potentialAction":[{"@type":"ReadAction","target":["https:\/\/www.praktikhotels.com\/de\/datenschutz-bestimmungen\/"]}]},{"@type":"ImageObject","inLanguage":"de","@id":"https:\/\/www.praktikhotels.com\/de\/datenschutz-bestimmungen\/#primaryimage","url":"https:\/\/www.praktikhotels.com\/wp-content\/uploads\/sites\/13\/2022\/11\/header_about.jpg","contentUrl":"https:\/\/www.praktikhotels.com\/wp-content\/uploads\/sites\/13\/2022\/11\/header_about.jpg","width":1920,"height":439,"caption":"Pflanzen im Hotel Praktik Rambla"},{"@type":"BreadcrumbList","@id":"https:\/\/www.praktikhotels.com\/de\/datenschutz-bestimmungen\/#breadcrumb","itemListElement":[{"@type":"ListItem","position":1,"name":"Portada","item":"https:\/\/www.praktikhotels.com\/de\/"},{"@type":"ListItem","position":2,"name":"Datenschutz-Bestimmungen"}]},{"@type":"WebSite","@id":"\/#website","url":"\/","name":"Praktik Hotels - Hoteles boutique en el centro de Barcelona","description":"Hoteles boutique en el centro de Barcelona","publisher":{"@id":"\/#organization"},"potentialAction":[{"@type":"SearchAction","target":{"@type":"EntryPoint","urlTemplate":"\/?s={search_term_string}"},"query-input":"required name=search_term_string"}],"inLanguage":"de"},{"@type":"Organization","@id":"\/#organization","name":"Praktik Hotels - Hoteles boutique en el centro de Barcelona","url":"\/","logo":{"@type":"ImageObject","inLanguage":"de","@id":"\/#\/schema\/logo\/image\/","url":"https:\/\/www.praktikhotels.com\/wp-content\/uploads\/sites\/13\/2022\/11\/praktik-vinoteca-habitacion01.jpg","contentUrl":"https:\/\/www.praktikhotels.com\/wp-content\/uploads\/sites\/13\/2022\/11\/praktik-vinoteca-habitacion01.jpg","width":960,"height":635,"caption":"Praktik Hotels - Hoteles boutique en el centro de Barcelona"},"image":{"@id":"\/#\/schema\/logo\/image\/"},"sameAs":["https:\/\/www.facebook.com\/praktikhotels\/","https:\/\/x.com\/praktikhotels","https:\/\/www.instagram.com\/praktikhotels\/"]},{"@type":"Person","@id":"\/#\/schema\/person\/4015c3b656759440a8291536b481326d","name":"praktkmaster","image":{"@type":"ImageObject","inLanguage":"de","@id":"\/#\/schema\/person\/image\/","url":"https:\/\/secure.gravatar.com\/avatar\/29d735a18eaffe4d58415575700d4e8f?s=96&d=mm&r=g","contentUrl":"https:\/\/secure.gravatar.com\/avatar\/29d735a18eaffe4d58415575700d4e8f?s=96&d=mm&r=g","caption":"praktkmaster"},"sameAs":["http:\/\/praktikdev.rkinnova.com"]}]}},"_links":{"self":[{"href":"https:\/\/www.praktikhotels.com\/de\/wp-json\/wp\/v2\/pages\/7666"}],"collection":[{"href":"https:\/\/www.praktikhotels.com\/de\/wp-json\/wp\/v2\/pages"}],"about":[{"href":"https:\/\/www.praktikhotels.com\/de\/wp-json\/wp\/v2\/types\/page"}],"author":[{"embeddable":true,"href":"https:\/\/www.praktikhotels.com\/de\/wp-json\/wp\/v2\/users\/1"}],"replies":[{"embeddable":true,"href":"https:\/\/www.praktikhotels.com\/de\/wp-json\/wp\/v2\/comments?post=7666"}],"version-history":[{"count":2,"href":"https:\/\/www.praktikhotels.com\/de\/wp-json\/wp\/v2\/pages\/7666\/revisions"}],"predecessor-version":[{"id":14411,"href":"https:\/\/www.praktikhotels.com\/de\/wp-json\/wp\/v2\/pages\/7666\/revisions\/14411"}],"wp:featuredmedia":[{"embeddable":true,"href":"https:\/\/www.praktikhotels.com\/de\/wp-json\/wp\/v2\/media\/6685"}],"wp:attachment":[{"href":"https:\/\/www.praktikhotels.com\/de\/wp-json\/wp\/v2\/media?parent=7666"}],"curies":[{"name":"wp","href":"https:\/\/api.w.org\/{rel}","templated":true}]}}