{"id":7649,"date":"2022-11-04T13:47:17","date_gmt":"2022-11-04T13:47:17","guid":{"rendered":"https:\/\/www.hotelpraktikrambla.com\/?page_id=7649"},"modified":"2024-07-30T11:19:58","modified_gmt":"2024-07-30T11:19:58","slug":"politica-de-privadesa","status":"publish","type":"page","link":"https:\/\/www.praktikhotels.com\/ca\/politica-de-privadesa\/","title":{"rendered":"Pol\u00edtica de privadesa"},"content":{"rendered":"<h5>1.- Qui \u00e9s responsable del tractament de les dades personals dels Usuaris del web?<\/h5>\n<p>Denominaci\u00f3 Social:\u00a0BUDGET HOTELS, S.L.\u00a0(d\u2019ara endavant, \u201cPraktik Hotels\u201d)<br \/>\nDomicili Social: C\/Pedro i Pons 9-11, 4\u00ba 1\u00aa, CP 08034 de Barcelona<br \/>\nCIF: B-63965974<br \/>\nTel\u00e8fon: (+34) 93 321 93 41 \/ (+34) 93 363 27 60<br \/>\nAdre\u00e7a electr\u00f2nica:\u00a0protecciondedatos@praktikhotels.com<br \/>\nInscrita al Registre Mercantil de Barcelona: Tom: 46954, Foli: 158 i Full n\u00famero: B-536315, Inscripci\u00f3 1<\/p>\n<h5>2.- Amb quina finalitat es tracten les dades personals dels Usuaris del web?<\/h5>\n<ul>\n<li>Amb la finalitat de poder gestionar les sol\u00b7licituds dels Usuaris del web que es posen en contacte amb Praktik Hotels mitjan\u00e7ant aquest web.<\/li>\n<li>Per poder enviar-els correus comercials sobre els hotels del grup empresarial PRAKTIK HOTELS.<\/li>\n<\/ul>\n<h5>3.- Quant temps conservar\u00e0 Praktik Hotels les dades personals dels Usuaris del web?<\/h5>\n<p>Les vostres dades personals es conservaran durant cinc anys.<\/p>\n<h5>4.- Quina \u00e9s la legitimaci\u00f3 per al tractament de les dades personals dels Usuaris del web?<\/h5>\n<p>La base legal per al tractament de les dades dels Usuaris del web \u00e9s el consentiment previ que aquests atorguen mitjan\u00e7ant l\u2019acceptaci\u00f3 d\u2019aquesta Pol\u00edtica de Privadesa.<\/p>\n<h5>5.- A quins destinataris es comunicaran les vostres dades?<\/h5>\n<p>Les dades personals dels Usuaris del web es comunicaran als hotels del grup empresarial PRAKTIK HOTELS en base al nostre inter\u00e8s leg\u00edtim i amb la finalitat de poder oferir un servei millor. En qualsevol cas, no es transferiran internacionalment, sin\u00f3 \u00e9s per obligaci\u00f3 legal.<\/p>\n<h5>6.- Quins s\u00f3n els drets dels Usuaris del web sobre les seves dades personals?<\/h5>\n<p>Praktik Hotels garanteix en tot cas als Usuaris del web l\u2019exercici dels seus drets i que consisteixen en:<\/p>\n<ul>\n<li>Qualsevol persona t\u00e9 dret a obtenir la confirmaci\u00f3 sobre si a Praktik Hotels estem tractant les seves dades personals o no.<\/li>\n<li>Les persones interessades tenen dret tamb\u00e9 a accedir a les seves dades personals, aix\u00ed com a sol\u00b7licitar la rectificaci\u00f3 de les dades inexactes o, en el seu cas, sol\u00b7licitar la seva supressi\u00f3 quan, entre altres motius, les dades ja no siguin necess\u00e0ries per a les finalitats perqu\u00e8 van ser recollides.<\/li>\n<li>En determinades circumst\u00e0ncies, els interessats podran sol\u00b7licitar la\u00a0limitaci\u00f3\u00a0del tractament de les seves dades, cas en qu\u00e8 \u00fanicament les conservarem per a l\u2019exercici o la defensa de reclamacions.<br \/>\nEn determinades circumst\u00e0ncies i per motius relacionats amb la seva situaci\u00f3 particular, els interessats podran oposar-se al tractament de les seves dades. Praktik Hotels deixar\u00e0 de tractar les dades, tret de per motius leg\u00edtims imperiosos o l\u2019exercici o la defensa de possibles reclamacions.<\/li>\n<li>Els Usuaris del web tamb\u00e9 tenen dret a la portabilitat de les seves dades a altres empreses, sempre que ho sol\u00b7licitin expressament i t\u00e8cnicament siguin possible fer-ho, i a no ser objecte de decisions individualitzades automatitzades (inclosa l\u2019elaboraci\u00f3 de perfils).<\/li>\n<\/ul>\n<p>L\u2019Usuari del web podr\u00e0 exercir els seus drets enviant una sol\u00b7licitud expressa mitjan\u00e7ant qualsevol dels mitjans seg\u00fcents:<\/p>\n<ul>\n<li>Correu electr\u00f2nic: protecciondedatos@praktikhotels.com<\/li>\n<li>Correu postal: C\/Pedro i Pons 9-11, CP 08034 de Barcelona<\/li>\n<\/ul>\n<p>Tamb\u00e9 s\u2019informa als Usuaris del web que tenen\u00a0dret a retirar el seu consentiment\u00a0en qualsevol moment, sense que aix\u00f2 afecti la licitud del tractament basat en el consentiment previ a la seva retirada i que\u00a0poden presentar una reclamaci\u00f3 a l\u2019Ag\u00e8ncia Espanyola de Protecci\u00f3 de Dades, especialment quan no hagin obtingut satisfacci\u00f3 en l\u2019exercici dels seus drets.<br \/>\nTotes les dades de contacte i els tr\u00e0mits a l\u2019Ag\u00e8ncia Espanyola de Protecci\u00f3 de Dades es poden trobar a la seva p\u00e0gina web:\u00a0https:\/\/www.agpd.es<\/p>\n<h5>7.- Com hem obtingut les dades personals dels Usuaris del web?<\/h5>\n<p>Praktik Hotels ha obtingut les dades dels Usuaris web pel contacte del propi Usuari del web amb Praktik Hotels pel tel\u00e8fon i\/o el correu electr\u00f2nic que figuren a la p\u00e0gina web de l\u2019hotel.<\/p>\n<h5>8.- Categories de les dades personals tractades<\/h5>\n<p>Les dades personals a les que Praktik Hotels t\u00e9 acc\u00e9s s\u00f3n les seg\u00fcents:<\/p>\n<ul>\n<li>Dades d\u2019identificaci\u00f3<\/li>\n<li>Adreces postals o electr\u00f2niques<\/li>\n<\/ul>\n<p>No es tracten dades especialment protegides o de categories especials.<\/p>\n<h5>9.- Normativa aplicable<\/h5>\n<p>PRAKTIK HOTELS tractar\u00e0 les dades de conformitat amb:<\/p>\n<ul>\n<li>El Reglament (UE) 2016\/679 del Parlament Europeu i del Consell de 27 de abril de 2016, relatiu a la protecci\u00f3 de les persones f\u00edsiques quant al tractament de les seves dades personals i a la lliure circulaci\u00f3 d\u2019aquestes dades (RGPD).<\/li>\n<li>La Llei Org\u00e0nica 15\/1999 de 13 de desembre de Protecci\u00f3 de Dades de Car\u00e0cter Personal (LOPD).<\/li>\n<\/ul>\n<h5>10.- Consulta<\/h5>\n<p>Si teniu qualsevol dubte o comentari sobre com Praktik Hotels utilitza les dades dels Usuaris del web, escriviu-nos a\u00a0protecciondedatos@praktikhotels.com<\/p>\n","protected":false},"excerpt":{"rendered":"<p>1.- Qui \u00e9s responsable del tractament de les dades personals dels Usuaris del web? Denominaci\u00f3 Social:\u00a0BUDGET HOTELS, S.L.\u00a0(d\u2019ara endavant, \u201cPraktik Hotels\u201d) Domicili Social: C\/Pedro i Pons 9-11, 4\u00ba 1\u00aa, CP 08034 de Barcelona CIF: B-63965974 Tel\u00e8fon: (+34) 93 321 93 41 \/ (+34) 93 363 27 60 Adre\u00e7a electr\u00f2nica:\u00a0protecciondedatos@praktikhotels.com Inscrita al Registre Mercantil de Barcelona: [&hellip;]<\/p>\n","protected":false},"author":1,"featured_media":6682,"parent":0,"menu_order":0,"comment_status":"closed","ping_status":"closed","template":"","meta":{"inline_featured_image":false,"footnotes":""},"class_list":["post-7649","page","type-page","status-publish","has-post-thumbnail","hentry","post-wrapper","thrv_wrapper"],"yoast_head":"<!-- This site is optimized with the Yoast SEO plugin v23.2 - https:\/\/yoast.com\/wordpress\/plugins\/seo\/ -->\n<title>Pol\u00edtica de privadesa | Praktik Hotels - Hotels a Barcelona<\/title>\n<meta name=\"description\" content=\"En aquesta p\u00e0gina podr\u00e0s trobar la nostra Pol\u00edtica de privadesa, corresponent a les bones pr\u00e0ctiques de les dades que emmagatzemem dels usuaris.\" \/>\n<meta name=\"robots\" content=\"index, follow, max-snippet:-1, max-image-preview:large, max-video-preview:-1\" \/>\n<link rel=\"canonical\" href=\"https:\/\/www.praktikhotels.com\/ca\/politica-de-privadesa\/\" \/>\n<meta property=\"og:locale\" content=\"ca_ES\" \/>\n<meta property=\"og:type\" content=\"article\" \/>\n<meta property=\"og:title\" content=\"Pol\u00edtica de privadesa | Praktik Hotels - Hotels a Barcelona\" \/>\n<meta property=\"og:description\" content=\"En aquesta p\u00e0gina podr\u00e0s trobar la nostra Pol\u00edtica de privadesa, corresponent a les bones pr\u00e0ctiques de les dades que emmagatzemem dels usuaris.\" \/>\n<meta property=\"og:url\" content=\"https:\/\/www.praktikhotels.com\/ca\/politica-de-privadesa\/\" \/>\n<meta property=\"og:site_name\" content=\"Praktik Hotels - Hoteles boutique en el centro de Barcelona\" \/>\n<meta property=\"article:publisher\" content=\"https:\/\/www.facebook.com\/praktikhotels\/\" \/>\n<meta property=\"article:modified_time\" content=\"2024-07-30T11:19:58+00:00\" \/>\n<meta property=\"og:image\" content=\"https:\/\/www.praktikhotels.com\/wp-content\/uploads\/sites\/13\/2022\/11\/header_about.jpg\" \/>\n\t<meta property=\"og:image:width\" content=\"1920\" \/>\n\t<meta property=\"og:image:height\" content=\"439\" \/>\n\t<meta property=\"og:image:type\" content=\"image\/jpeg\" \/>\n<meta name=\"twitter:card\" content=\"summary_large_image\" \/>\n<meta name=\"twitter:title\" content=\"Pol\u00edtica de privadesa | Praktik Hotels - Hotels a Barcelona\" \/>\n<meta name=\"twitter:description\" content=\"En aquesta p\u00e0gina podr\u00e0s trobar la nostra Pol\u00edtica de privadesa, corresponent a les bones pr\u00e0ctiques de les dades que emmagatzemem dels usuaris.\" \/>\n<meta name=\"twitter:site\" content=\"@praktikhotels\" \/>\n<meta name=\"twitter:label1\" content=\"Temps estimat de lectura\" \/>\n\t<meta name=\"twitter:data1\" content=\"4 minuts\" \/>\n<script type=\"application\/ld+json\" class=\"yoast-schema-graph\">{\"@context\":\"https:\/\/schema.org\",\"@graph\":[{\"@type\":\"Article\",\"@id\":\"https:\/\/www.praktikhotels.com\/ca\/politica-de-privadesa\/#article\",\"isPartOf\":{\"@id\":\"https:\/\/www.praktikhotels.com\/ca\/politica-de-privadesa\/\"},\"author\":{\"name\":\"praktkmaster\",\"@id\":\"\/#\/schema\/person\/4015c3b656759440a8291536b481326d\"},\"headline\":\"Pol\u00edtica de privadesa\",\"datePublished\":\"2022-11-04T13:47:17+00:00\",\"dateModified\":\"2024-07-30T11:19:58+00:00\",\"mainEntityOfPage\":{\"@id\":\"https:\/\/www.praktikhotels.com\/ca\/politica-de-privadesa\/\"},\"wordCount\":777,\"publisher\":{\"@id\":\"\/#organization\"},\"image\":{\"@id\":\"https:\/\/www.praktikhotels.com\/ca\/politica-de-privadesa\/#primaryimage\"},\"thumbnailUrl\":\"https:\/\/www.praktikhotels.com\/wp-content\/uploads\/sites\/13\/2022\/11\/header_about.jpg\",\"inLanguage\":\"ca\"},{\"@type\":\"WebPage\",\"@id\":\"https:\/\/www.praktikhotels.com\/ca\/politica-de-privadesa\/\",\"url\":\"https:\/\/www.praktikhotels.com\/ca\/politica-de-privadesa\/\",\"name\":\"Pol\u00edtica de privadesa | Praktik Hotels - Hotels a Barcelona\",\"isPartOf\":{\"@id\":\"\/#website\"},\"primaryImageOfPage\":{\"@id\":\"https:\/\/www.praktikhotels.com\/ca\/politica-de-privadesa\/#primaryimage\"},\"image\":{\"@id\":\"https:\/\/www.praktikhotels.com\/ca\/politica-de-privadesa\/#primaryimage\"},\"thumbnailUrl\":\"https:\/\/www.praktikhotels.com\/wp-content\/uploads\/sites\/13\/2022\/11\/header_about.jpg\",\"datePublished\":\"2022-11-04T13:47:17+00:00\",\"dateModified\":\"2024-07-30T11:19:58+00:00\",\"description\":\"En aquesta p\u00e0gina podr\u00e0s trobar la nostra Pol\u00edtica de privadesa, corresponent a les bones pr\u00e0ctiques de les dades que emmagatzemem dels usuaris.\",\"breadcrumb\":{\"@id\":\"https:\/\/www.praktikhotels.com\/ca\/politica-de-privadesa\/#breadcrumb\"},\"inLanguage\":\"ca\",\"potentialAction\":[{\"@type\":\"ReadAction\",\"target\":[\"https:\/\/www.praktikhotels.com\/ca\/politica-de-privadesa\/\"]}]},{\"@type\":\"ImageObject\",\"inLanguage\":\"ca\",\"@id\":\"https:\/\/www.praktikhotels.com\/ca\/politica-de-privadesa\/#primaryimage\",\"url\":\"https:\/\/www.praktikhotels.com\/wp-content\/uploads\/sites\/13\/2022\/11\/header_about.jpg\",\"contentUrl\":\"https:\/\/www.praktikhotels.com\/wp-content\/uploads\/sites\/13\/2022\/11\/header_about.jpg\",\"width\":1920,\"height\":439,\"caption\":\"plantes a l'Hotel Praktik Rambla\"},{\"@type\":\"BreadcrumbList\",\"@id\":\"https:\/\/www.praktikhotels.com\/ca\/politica-de-privadesa\/#breadcrumb\",\"itemListElement\":[{\"@type\":\"ListItem\",\"position\":1,\"name\":\"Portada\",\"item\":\"https:\/\/www.praktikhotels.com\/ca\/\"},{\"@type\":\"ListItem\",\"position\":2,\"name\":\"Pol\u00edtica de privadesa\"}]},{\"@type\":\"WebSite\",\"@id\":\"\/#website\",\"url\":\"\/\",\"name\":\"Praktik Hotels - Hoteles boutique en el centro de Barcelona\",\"description\":\"Hoteles boutique en el centro de Barcelona\",\"publisher\":{\"@id\":\"\/#organization\"},\"potentialAction\":[{\"@type\":\"SearchAction\",\"target\":{\"@type\":\"EntryPoint\",\"urlTemplate\":\"\/?s={search_term_string}\"},\"query-input\":\"required name=search_term_string\"}],\"inLanguage\":\"ca\"},{\"@type\":\"Organization\",\"@id\":\"\/#organization\",\"name\":\"Praktik Hotels - Hoteles boutique en el centro de Barcelona\",\"url\":\"\/\",\"logo\":{\"@type\":\"ImageObject\",\"inLanguage\":\"ca\",\"@id\":\"\/#\/schema\/logo\/image\/\",\"url\":\"https:\/\/www.praktikhotels.com\/wp-content\/uploads\/sites\/13\/2022\/11\/praktik-vinoteca-habitacion01.jpg\",\"contentUrl\":\"https:\/\/www.praktikhotels.com\/wp-content\/uploads\/sites\/13\/2022\/11\/praktik-vinoteca-habitacion01.jpg\",\"width\":960,\"height\":635,\"caption\":\"Praktik Hotels - Hoteles boutique en el centro de Barcelona\"},\"image\":{\"@id\":\"\/#\/schema\/logo\/image\/\"},\"sameAs\":[\"https:\/\/www.facebook.com\/praktikhotels\/\",\"https:\/\/x.com\/praktikhotels\",\"https:\/\/www.instagram.com\/praktikhotels\/\"]},{\"@type\":\"Person\",\"@id\":\"\/#\/schema\/person\/4015c3b656759440a8291536b481326d\",\"name\":\"praktkmaster\",\"image\":{\"@type\":\"ImageObject\",\"inLanguage\":\"ca\",\"@id\":\"\/#\/schema\/person\/image\/\",\"url\":\"https:\/\/secure.gravatar.com\/avatar\/29d735a18eaffe4d58415575700d4e8f?s=96&d=mm&r=g\",\"contentUrl\":\"https:\/\/secure.gravatar.com\/avatar\/29d735a18eaffe4d58415575700d4e8f?s=96&d=mm&r=g\",\"caption\":\"praktkmaster\"},\"sameAs\":[\"http:\/\/praktikdev.rkinnova.com\"]}]}<\/script>\n<!-- \/ Yoast SEO plugin. -->","yoast_head_json":{"title":"Pol\u00edtica de privadesa | Praktik Hotels - Hotels a Barcelona","description":"En aquesta p\u00e0gina podr\u00e0s trobar la nostra Pol\u00edtica de privadesa, corresponent a les bones pr\u00e0ctiques de les dades que emmagatzemem dels usuaris.","robots":{"index":"index","follow":"follow","max-snippet":"max-snippet:-1","max-image-preview":"max-image-preview:large","max-video-preview":"max-video-preview:-1"},"canonical":"https:\/\/www.praktikhotels.com\/ca\/politica-de-privadesa\/","og_locale":"ca_ES","og_type":"article","og_title":"Pol\u00edtica de privadesa | Praktik Hotels - Hotels a Barcelona","og_description":"En aquesta p\u00e0gina podr\u00e0s trobar la nostra Pol\u00edtica de privadesa, corresponent a les bones pr\u00e0ctiques de les dades que emmagatzemem dels usuaris.","og_url":"https:\/\/www.praktikhotels.com\/ca\/politica-de-privadesa\/","og_site_name":"Praktik Hotels - Hoteles boutique en el centro de Barcelona","article_publisher":"https:\/\/www.facebook.com\/praktikhotels\/","article_modified_time":"2024-07-30T11:19:58+00:00","og_image":[{"width":1920,"height":439,"url":"https:\/\/www.praktikhotels.com\/wp-content\/uploads\/sites\/13\/2022\/11\/header_about.jpg","type":"image\/jpeg"}],"twitter_card":"summary_large_image","twitter_title":"Pol\u00edtica de privadesa | Praktik Hotels - Hotels a Barcelona","twitter_description":"En aquesta p\u00e0gina podr\u00e0s trobar la nostra Pol\u00edtica de privadesa, corresponent a les bones pr\u00e0ctiques de les dades que emmagatzemem dels usuaris.","twitter_site":"@praktikhotels","twitter_misc":{"Temps estimat de lectura":"4 minuts"},"schema":{"@context":"https:\/\/schema.org","@graph":[{"@type":"Article","@id":"https:\/\/www.praktikhotels.com\/ca\/politica-de-privadesa\/#article","isPartOf":{"@id":"https:\/\/www.praktikhotels.com\/ca\/politica-de-privadesa\/"},"author":{"name":"praktkmaster","@id":"\/#\/schema\/person\/4015c3b656759440a8291536b481326d"},"headline":"Pol\u00edtica de privadesa","datePublished":"2022-11-04T13:47:17+00:00","dateModified":"2024-07-30T11:19:58+00:00","mainEntityOfPage":{"@id":"https:\/\/www.praktikhotels.com\/ca\/politica-de-privadesa\/"},"wordCount":777,"publisher":{"@id":"\/#organization"},"image":{"@id":"https:\/\/www.praktikhotels.com\/ca\/politica-de-privadesa\/#primaryimage"},"thumbnailUrl":"https:\/\/www.praktikhotels.com\/wp-content\/uploads\/sites\/13\/2022\/11\/header_about.jpg","inLanguage":"ca"},{"@type":"WebPage","@id":"https:\/\/www.praktikhotels.com\/ca\/politica-de-privadesa\/","url":"https:\/\/www.praktikhotels.com\/ca\/politica-de-privadesa\/","name":"Pol\u00edtica de privadesa | Praktik Hotels - Hotels a Barcelona","isPartOf":{"@id":"\/#website"},"primaryImageOfPage":{"@id":"https:\/\/www.praktikhotels.com\/ca\/politica-de-privadesa\/#primaryimage"},"image":{"@id":"https:\/\/www.praktikhotels.com\/ca\/politica-de-privadesa\/#primaryimage"},"thumbnailUrl":"https:\/\/www.praktikhotels.com\/wp-content\/uploads\/sites\/13\/2022\/11\/header_about.jpg","datePublished":"2022-11-04T13:47:17+00:00","dateModified":"2024-07-30T11:19:58+00:00","description":"En aquesta p\u00e0gina podr\u00e0s trobar la nostra Pol\u00edtica de privadesa, corresponent a les bones pr\u00e0ctiques de les dades que emmagatzemem dels usuaris.","breadcrumb":{"@id":"https:\/\/www.praktikhotels.com\/ca\/politica-de-privadesa\/#breadcrumb"},"inLanguage":"ca","potentialAction":[{"@type":"ReadAction","target":["https:\/\/www.praktikhotels.com\/ca\/politica-de-privadesa\/"]}]},{"@type":"ImageObject","inLanguage":"ca","@id":"https:\/\/www.praktikhotels.com\/ca\/politica-de-privadesa\/#primaryimage","url":"https:\/\/www.praktikhotels.com\/wp-content\/uploads\/sites\/13\/2022\/11\/header_about.jpg","contentUrl":"https:\/\/www.praktikhotels.com\/wp-content\/uploads\/sites\/13\/2022\/11\/header_about.jpg","width":1920,"height":439,"caption":"plantes a l'Hotel Praktik Rambla"},{"@type":"BreadcrumbList","@id":"https:\/\/www.praktikhotels.com\/ca\/politica-de-privadesa\/#breadcrumb","itemListElement":[{"@type":"ListItem","position":1,"name":"Portada","item":"https:\/\/www.praktikhotels.com\/ca\/"},{"@type":"ListItem","position":2,"name":"Pol\u00edtica de privadesa"}]},{"@type":"WebSite","@id":"\/#website","url":"\/","name":"Praktik Hotels - Hoteles boutique en el centro de Barcelona","description":"Hoteles boutique en el centro de Barcelona","publisher":{"@id":"\/#organization"},"potentialAction":[{"@type":"SearchAction","target":{"@type":"EntryPoint","urlTemplate":"\/?s={search_term_string}"},"query-input":"required name=search_term_string"}],"inLanguage":"ca"},{"@type":"Organization","@id":"\/#organization","name":"Praktik Hotels - Hoteles boutique en el centro de Barcelona","url":"\/","logo":{"@type":"ImageObject","inLanguage":"ca","@id":"\/#\/schema\/logo\/image\/","url":"https:\/\/www.praktikhotels.com\/wp-content\/uploads\/sites\/13\/2022\/11\/praktik-vinoteca-habitacion01.jpg","contentUrl":"https:\/\/www.praktikhotels.com\/wp-content\/uploads\/sites\/13\/2022\/11\/praktik-vinoteca-habitacion01.jpg","width":960,"height":635,"caption":"Praktik Hotels - Hoteles boutique en el centro de Barcelona"},"image":{"@id":"\/#\/schema\/logo\/image\/"},"sameAs":["https:\/\/www.facebook.com\/praktikhotels\/","https:\/\/x.com\/praktikhotels","https:\/\/www.instagram.com\/praktikhotels\/"]},{"@type":"Person","@id":"\/#\/schema\/person\/4015c3b656759440a8291536b481326d","name":"praktkmaster","image":{"@type":"ImageObject","inLanguage":"ca","@id":"\/#\/schema\/person\/image\/","url":"https:\/\/secure.gravatar.com\/avatar\/29d735a18eaffe4d58415575700d4e8f?s=96&d=mm&r=g","contentUrl":"https:\/\/secure.gravatar.com\/avatar\/29d735a18eaffe4d58415575700d4e8f?s=96&d=mm&r=g","caption":"praktkmaster"},"sameAs":["http:\/\/praktikdev.rkinnova.com"]}]}},"_links":{"self":[{"href":"https:\/\/www.praktikhotels.com\/ca\/wp-json\/wp\/v2\/pages\/7649"}],"collection":[{"href":"https:\/\/www.praktikhotels.com\/ca\/wp-json\/wp\/v2\/pages"}],"about":[{"href":"https:\/\/www.praktikhotels.com\/ca\/wp-json\/wp\/v2\/types\/page"}],"author":[{"embeddable":true,"href":"https:\/\/www.praktikhotels.com\/ca\/wp-json\/wp\/v2\/users\/1"}],"replies":[{"embeddable":true,"href":"https:\/\/www.praktikhotels.com\/ca\/wp-json\/wp\/v2\/comments?post=7649"}],"version-history":[{"count":2,"href":"https:\/\/www.praktikhotels.com\/ca\/wp-json\/wp\/v2\/pages\/7649\/revisions"}],"predecessor-version":[{"id":14408,"href":"https:\/\/www.praktikhotels.com\/ca\/wp-json\/wp\/v2\/pages\/7649\/revisions\/14408"}],"wp:featuredmedia":[{"embeddable":true,"href":"https:\/\/www.praktikhotels.com\/ca\/wp-json\/wp\/v2\/media\/6682"}],"wp:attachment":[{"href":"https:\/\/www.praktikhotels.com\/ca\/wp-json\/wp\/v2\/media?parent=7649"}],"curies":[{"name":"wp","href":"https:\/\/api.w.org\/{rel}","templated":true}]}}