{"id":14280,"date":"2023-08-30T09:32:57","date_gmt":"2023-08-30T09:32:57","guid":{"rendered":"https:\/\/www.praktikhotels.com\/ecofriendly-hotel\/"},"modified":"2024-01-31T11:04:28","modified_gmt":"2024-01-31T11:04:28","slug":"ecofriendly-hotel","status":"publish","type":"page","link":"https:\/\/www.praktikhotels.com\/ca\/ecofriendly-hotel\/","title":{"rendered":"Ecofriendly hotel"},"content":{"rendered":"<h1 style=\"text-align: center\">Est\u00e1s en un hotel ecofriendly<\/h1>\n<h4 style=\"text-align: center\">Cuida el planeta mientras te alojes con nosotros<\/h4>\n<p style=\"text-align: center\">En Praktik Hotels desarrollamos pol\u00edticas de sostenibilidad que contribuyen a reducir el impacto medioambiental haciendo un uso responsable de nuestros recursos y siendo hoteles eficientes.<\/p>\n<h5 style=\"text-align: center\">Ahorramos agua<\/h5>\n<p style=\"text-align: center\">con una pol\u00edtica de lavado de toallas opcional. Creemos en un uso responsable de los recursos naturales.<\/p>\n<h5 style=\"text-align: center\">No m\u00e1s residuos<\/h5>\n<p style=\"text-align: center\">Evitamos la compra de envoltorios y envases que dificultan o imposibilitan el reciclaje<\/p>\n<h5 style=\"text-align: center\">Productos ecol\u00f3gicos<\/h5>\n<p style=\"text-align: center\">En Praktik Hotels elegimos solo a proveedores ecol\u00f3gicos y a productos y servicios respetuosos con el medio ambiente<\/p>\n<h5 style=\"text-align: center\">Productos de limpieza sostenibles<\/h5>\n<p style=\"text-align: center\">Reducimos el pl\u00e1stico emitido sustituyendo los tradicionales amenities por dispensadores y usando Envases y bolsas reciclados y reciclables<\/p>\n<h5 style=\"text-align: center\">Punto verde<\/h5>\n<p style=\"text-align: center\">Todos nuestros hoteles cuentan con un punto verde para la gesti\u00f3n selectiva de residuos y su reciclaje.<\/p>\n","protected":false},"excerpt":{"rendered":"<p>Est\u00e1s en un hotel ecofriendly Cuida el planeta mientras te alojes con nosotros En Praktik Hotels desarrollamos pol\u00edticas de sostenibilidad que contribuyen a reducir el impacto medioambiental haciendo un uso responsable de nuestros recursos y siendo hoteles eficientes. Ahorramos agua con una pol\u00edtica de lavado de toallas opcional. Creemos en un uso responsable de los [&hellip;]<\/p>\n","protected":false},"author":8,"featured_media":0,"parent":0,"menu_order":0,"comment_status":"closed","ping_status":"closed","template":"","meta":{"inline_featured_image":false,"footnotes":""},"class_list":["post-14280","page","type-page","status-publish","hentry","post-wrapper","thrv_wrapper"],"yoast_head":"<!-- This site is optimized with the Yoast SEO plugin v23.2 - https:\/\/yoast.com\/wordpress\/plugins\/seo\/ -->\n<title>Els nostres hotels eco friendly - Praktik Hotels Barcelona<\/title>\n<meta name=\"description\" content=\"A m\u00e9s de presentar hotels tem\u00e0tics, Praktik Hotels desenvolupa una pol\u00edtica eco friendly basada en la sostenibilitat.\" \/>\n<meta name=\"robots\" content=\"index, follow, max-snippet:-1, max-image-preview:large, max-video-preview:-1\" \/>\n<link rel=\"canonical\" href=\"https:\/\/www.praktikhotels.com\/ca\/ecofriendly-hotel\/\" \/>\n<meta property=\"og:locale\" content=\"ca_ES\" \/>\n<meta property=\"og:type\" content=\"article\" \/>\n<meta property=\"og:title\" content=\"Els nostres hotels eco friendly - Praktik Hotels Barcelona\" \/>\n<meta property=\"og:description\" content=\"A m\u00e9s de presentar hotels tem\u00e0tics, Praktik Hotels desenvolupa una pol\u00edtica eco friendly basada en la sostenibilitat.\" \/>\n<meta property=\"og:url\" content=\"https:\/\/www.praktikhotels.com\/ca\/ecofriendly-hotel\/\" \/>\n<meta property=\"og:site_name\" content=\"Praktik Hotels - Hoteles boutique en el centro de Barcelona\" \/>\n<meta property=\"article:publisher\" content=\"https:\/\/www.facebook.com\/praktikhotels\/\" \/>\n<meta property=\"article:modified_time\" content=\"2024-01-31T11:04:28+00:00\" \/>\n<meta name=\"twitter:card\" content=\"summary_large_image\" \/>\n<meta name=\"twitter:title\" content=\"Els nostres hotels eco friendly - Praktik Hotels Barcelona\" \/>\n<meta name=\"twitter:site\" content=\"@praktikhotels\" \/>\n<meta name=\"twitter:label1\" content=\"Temps estimat de lectura\" \/>\n\t<meta name=\"twitter:data1\" content=\"1 minut\" \/>\n<script type=\"application\/ld+json\" class=\"yoast-schema-graph\">{\"@context\":\"https:\/\/schema.org\",\"@graph\":[{\"@type\":\"Article\",\"@id\":\"https:\/\/www.praktikhotels.com\/ca\/ecofriendly-hotel\/#article\",\"isPartOf\":{\"@id\":\"https:\/\/www.praktikhotels.com\/ca\/ecofriendly-hotel\/\"},\"author\":{\"name\":\"rafael\",\"@id\":\"\/#\/schema\/person\/61e004cfc07e8b9ece2c609d802040a8\"},\"headline\":\"Ecofriendly hotel\",\"datePublished\":\"2023-08-30T09:32:57+00:00\",\"dateModified\":\"2024-01-31T11:04:28+00:00\",\"mainEntityOfPage\":{\"@id\":\"https:\/\/www.praktikhotels.com\/ca\/ecofriendly-hotel\/\"},\"wordCount\":144,\"publisher\":{\"@id\":\"\/#organization\"},\"inLanguage\":\"ca\"},{\"@type\":\"WebPage\",\"@id\":\"https:\/\/www.praktikhotels.com\/ca\/ecofriendly-hotel\/\",\"url\":\"https:\/\/www.praktikhotels.com\/ca\/ecofriendly-hotel\/\",\"name\":\"Els nostres hotels eco friendly - Praktik Hotels Barcelona\",\"isPartOf\":{\"@id\":\"\/#website\"},\"datePublished\":\"2023-08-30T09:32:57+00:00\",\"dateModified\":\"2024-01-31T11:04:28+00:00\",\"description\":\"A m\u00e9s de presentar hotels tem\u00e0tics, Praktik Hotels desenvolupa una pol\u00edtica eco friendly basada en la sostenibilitat.\",\"breadcrumb\":{\"@id\":\"https:\/\/www.praktikhotels.com\/ca\/ecofriendly-hotel\/#breadcrumb\"},\"inLanguage\":\"ca\",\"potentialAction\":[{\"@type\":\"ReadAction\",\"target\":[\"https:\/\/www.praktikhotels.com\/ca\/ecofriendly-hotel\/\"]}]},{\"@type\":\"BreadcrumbList\",\"@id\":\"https:\/\/www.praktikhotels.com\/ca\/ecofriendly-hotel\/#breadcrumb\",\"itemListElement\":[{\"@type\":\"ListItem\",\"position\":1,\"name\":\"Portada\",\"item\":\"https:\/\/www.praktikhotels.com\/ca\/\"},{\"@type\":\"ListItem\",\"position\":2,\"name\":\"Ecofriendly hotel\"}]},{\"@type\":\"WebSite\",\"@id\":\"\/#website\",\"url\":\"\/\",\"name\":\"Praktik Hotels - Hoteles boutique en el centro de Barcelona\",\"description\":\"Hoteles boutique en el centro de Barcelona\",\"publisher\":{\"@id\":\"\/#organization\"},\"potentialAction\":[{\"@type\":\"SearchAction\",\"target\":{\"@type\":\"EntryPoint\",\"urlTemplate\":\"\/?s={search_term_string}\"},\"query-input\":\"required name=search_term_string\"}],\"inLanguage\":\"ca\"},{\"@type\":\"Organization\",\"@id\":\"\/#organization\",\"name\":\"Praktik Hotels - Hoteles boutique en el centro de Barcelona\",\"url\":\"\/\",\"logo\":{\"@type\":\"ImageObject\",\"inLanguage\":\"ca\",\"@id\":\"\/#\/schema\/logo\/image\/\",\"url\":\"https:\/\/www.praktikhotels.com\/wp-content\/uploads\/sites\/13\/2022\/11\/praktik-vinoteca-habitacion01.jpg\",\"contentUrl\":\"https:\/\/www.praktikhotels.com\/wp-content\/uploads\/sites\/13\/2022\/11\/praktik-vinoteca-habitacion01.jpg\",\"width\":960,\"height\":635,\"caption\":\"Praktik Hotels - Hoteles boutique en el centro de Barcelona\"},\"image\":{\"@id\":\"\/#\/schema\/logo\/image\/\"},\"sameAs\":[\"https:\/\/www.facebook.com\/praktikhotels\/\",\"https:\/\/x.com\/praktikhotels\",\"https:\/\/www.instagram.com\/praktikhotels\/\"]},{\"@type\":\"Person\",\"@id\":\"\/#\/schema\/person\/61e004cfc07e8b9ece2c609d802040a8\",\"name\":\"rafael\",\"image\":{\"@type\":\"ImageObject\",\"inLanguage\":\"ca\",\"@id\":\"\/#\/schema\/person\/image\/\",\"url\":\"https:\/\/secure.gravatar.com\/avatar\/cb4edff202b9612138e69e647bfe79b3?s=96&d=mm&r=g\",\"contentUrl\":\"https:\/\/secure.gravatar.com\/avatar\/cb4edff202b9612138e69e647bfe79b3?s=96&d=mm&r=g\",\"caption\":\"rafael\"}}]}<\/script>\n<!-- \/ Yoast SEO plugin. -->","yoast_head_json":{"title":"Els nostres hotels eco friendly - Praktik Hotels Barcelona","description":"A m\u00e9s de presentar hotels tem\u00e0tics, Praktik Hotels desenvolupa una pol\u00edtica eco friendly basada en la sostenibilitat.","robots":{"index":"index","follow":"follow","max-snippet":"max-snippet:-1","max-image-preview":"max-image-preview:large","max-video-preview":"max-video-preview:-1"},"canonical":"https:\/\/www.praktikhotels.com\/ca\/ecofriendly-hotel\/","og_locale":"ca_ES","og_type":"article","og_title":"Els nostres hotels eco friendly - Praktik Hotels Barcelona","og_description":"A m\u00e9s de presentar hotels tem\u00e0tics, Praktik Hotels desenvolupa una pol\u00edtica eco friendly basada en la sostenibilitat.","og_url":"https:\/\/www.praktikhotels.com\/ca\/ecofriendly-hotel\/","og_site_name":"Praktik Hotels - Hoteles boutique en el centro de Barcelona","article_publisher":"https:\/\/www.facebook.com\/praktikhotels\/","article_modified_time":"2024-01-31T11:04:28+00:00","twitter_card":"summary_large_image","twitter_title":"Els nostres hotels eco friendly - Praktik Hotels Barcelona","twitter_site":"@praktikhotels","twitter_misc":{"Temps estimat de lectura":"1 minut"},"schema":{"@context":"https:\/\/schema.org","@graph":[{"@type":"Article","@id":"https:\/\/www.praktikhotels.com\/ca\/ecofriendly-hotel\/#article","isPartOf":{"@id":"https:\/\/www.praktikhotels.com\/ca\/ecofriendly-hotel\/"},"author":{"name":"rafael","@id":"\/#\/schema\/person\/61e004cfc07e8b9ece2c609d802040a8"},"headline":"Ecofriendly hotel","datePublished":"2023-08-30T09:32:57+00:00","dateModified":"2024-01-31T11:04:28+00:00","mainEntityOfPage":{"@id":"https:\/\/www.praktikhotels.com\/ca\/ecofriendly-hotel\/"},"wordCount":144,"publisher":{"@id":"\/#organization"},"inLanguage":"ca"},{"@type":"WebPage","@id":"https:\/\/www.praktikhotels.com\/ca\/ecofriendly-hotel\/","url":"https:\/\/www.praktikhotels.com\/ca\/ecofriendly-hotel\/","name":"Els nostres hotels eco friendly - Praktik Hotels Barcelona","isPartOf":{"@id":"\/#website"},"datePublished":"2023-08-30T09:32:57+00:00","dateModified":"2024-01-31T11:04:28+00:00","description":"A m\u00e9s de presentar hotels tem\u00e0tics, Praktik Hotels desenvolupa una pol\u00edtica eco friendly basada en la sostenibilitat.","breadcrumb":{"@id":"https:\/\/www.praktikhotels.com\/ca\/ecofriendly-hotel\/#breadcrumb"},"inLanguage":"ca","potentialAction":[{"@type":"ReadAction","target":["https:\/\/www.praktikhotels.com\/ca\/ecofriendly-hotel\/"]}]},{"@type":"BreadcrumbList","@id":"https:\/\/www.praktikhotels.com\/ca\/ecofriendly-hotel\/#breadcrumb","itemListElement":[{"@type":"ListItem","position":1,"name":"Portada","item":"https:\/\/www.praktikhotels.com\/ca\/"},{"@type":"ListItem","position":2,"name":"Ecofriendly hotel"}]},{"@type":"WebSite","@id":"\/#website","url":"\/","name":"Praktik Hotels - Hoteles boutique en el centro de Barcelona","description":"Hoteles boutique en el centro de Barcelona","publisher":{"@id":"\/#organization"},"potentialAction":[{"@type":"SearchAction","target":{"@type":"EntryPoint","urlTemplate":"\/?s={search_term_string}"},"query-input":"required name=search_term_string"}],"inLanguage":"ca"},{"@type":"Organization","@id":"\/#organization","name":"Praktik Hotels - Hoteles boutique en el centro de Barcelona","url":"\/","logo":{"@type":"ImageObject","inLanguage":"ca","@id":"\/#\/schema\/logo\/image\/","url":"https:\/\/www.praktikhotels.com\/wp-content\/uploads\/sites\/13\/2022\/11\/praktik-vinoteca-habitacion01.jpg","contentUrl":"https:\/\/www.praktikhotels.com\/wp-content\/uploads\/sites\/13\/2022\/11\/praktik-vinoteca-habitacion01.jpg","width":960,"height":635,"caption":"Praktik Hotels - Hoteles boutique en el centro de Barcelona"},"image":{"@id":"\/#\/schema\/logo\/image\/"},"sameAs":["https:\/\/www.facebook.com\/praktikhotels\/","https:\/\/x.com\/praktikhotels","https:\/\/www.instagram.com\/praktikhotels\/"]},{"@type":"Person","@id":"\/#\/schema\/person\/61e004cfc07e8b9ece2c609d802040a8","name":"rafael","image":{"@type":"ImageObject","inLanguage":"ca","@id":"\/#\/schema\/person\/image\/","url":"https:\/\/secure.gravatar.com\/avatar\/cb4edff202b9612138e69e647bfe79b3?s=96&d=mm&r=g","contentUrl":"https:\/\/secure.gravatar.com\/avatar\/cb4edff202b9612138e69e647bfe79b3?s=96&d=mm&r=g","caption":"rafael"}}]}},"_links":{"self":[{"href":"https:\/\/www.praktikhotels.com\/ca\/wp-json\/wp\/v2\/pages\/14280"}],"collection":[{"href":"https:\/\/www.praktikhotels.com\/ca\/wp-json\/wp\/v2\/pages"}],"about":[{"href":"https:\/\/www.praktikhotels.com\/ca\/wp-json\/wp\/v2\/types\/page"}],"author":[{"embeddable":true,"href":"https:\/\/www.praktikhotels.com\/ca\/wp-json\/wp\/v2\/users\/8"}],"replies":[{"embeddable":true,"href":"https:\/\/www.praktikhotels.com\/ca\/wp-json\/wp\/v2\/comments?post=14280"}],"version-history":[{"count":3,"href":"https:\/\/www.praktikhotels.com\/ca\/wp-json\/wp\/v2\/pages\/14280\/revisions"}],"predecessor-version":[{"id":14380,"href":"https:\/\/www.praktikhotels.com\/ca\/wp-json\/wp\/v2\/pages\/14280\/revisions\/14380"}],"wp:attachment":[{"href":"https:\/\/www.praktikhotels.com\/ca\/wp-json\/wp\/v2\/media?parent=14280"}],"curies":[{"name":"wp","href":"https:\/\/api.w.org\/{rel}","templated":true}]}}