{"id":11322,"date":"2023-01-03T07:58:56","date_gmt":"2023-01-03T07:58:56","guid":{"rendered":"https:\/\/www.praktikhotels.com\/?page_id=11322"},"modified":"2026-03-27T10:42:33","modified_gmt":"2026-03-27T10:42:33","slug":"condicions-de-reserva","status":"publish","type":"page","link":"https:\/\/www.praktikhotels.com\/ca\/condicions-de-reserva\/","title":{"rendered":"Condicions de reserva"},"content":{"rendered":"<p dir=\"ltr\">Un cop completada la reserva, el client rebr\u00e0 un correu electr\u00f2nic de confirmaci\u00f3 que servir\u00e0 com a comprovant d&#8217;aquesta.<\/p>\n<p dir=\"ltr\">La reserva quedar\u00e0 confirmada i garantida mitjan\u00e7ant targeta de cr\u00e8dit. Durant el proc\u00e9s de reserva, les dades de la targeta podran ser verificades amb la finalitat d&#8217;autoritzar els c\u00e0rrecs previstos en aquestes condicions.<\/p>\n<p dir=\"ltr\">En cas de no presentaci\u00f3 a l&#8217;hotel sense previ av\u00eds, es carregar\u00e0 l&#8217;import de la primera nit d&#8217;estada, IVA incl\u00f2s.<\/p>\n<p dir=\"ltr\">La cancel\u00b7laci\u00f3 de la reserva ser\u00e0 gratu\u00efta sempre que es realitzi dins del termini establert en la pol\u00edtica de cancel\u00b7laci\u00f3 aplicable a la tarifa seleccionada. Aquestes condicions podran variar en funci\u00f3 de les dates d&#8217;estada i del tipus de reserva contractat.<\/p>\n<p dir=\"ltr\">Una vegada ven\u00e7ut el termini de cancel\u00b7laci\u00f3 gratu\u00efta, Praktik Hotels podr\u00e0 carregar l&#8217;import corresponent a la primera nit d&#8217;estada, IVA incl\u00f2s, o l&#8217;import total de la reserva, segons les condicions espec\u00edfiques aplicables en cada cas.<\/p>\n<p dir=\"ltr\">En aquells sup\u00f2sits en qu\u00e8 procedeixi el cobrament de l&#8217;import total de l&#8217;estada, es podr\u00e0 valorar la devoluci\u00f3 total o parcial de les quantitats abonades quan aix\u00ed correspongui, conforme a la normativa aplicable i als serveis finalment no gaudits.<\/p>\n<p dir=\"ltr\">Aix\u00ed mateix, l&#8217;estada estar\u00e0 subjecta a l&#8217;impost sobre les estades en establiments tur\u00edstics i al rec\u00e0rrec municipal que resultin aplicables d&#8217;acord amb la normativa vigent en la data de l&#8217;estada. Aquests imports no estaran inclosos en el preu de la reserva, excepte indicaci\u00f3 expressa en contra, i hauran d&#8217;abonar-se a l&#8217;establiment. En tot cas, es reflectiran de forma desglossada en la factura o justificant de pagament.<\/p>\n","protected":false},"excerpt":{"rendered":"<p>Un cop completada la reserva, el client rebr\u00e0 un correu electr\u00f2nic de confirmaci\u00f3 que servir\u00e0 com a comprovant d&#8217;aquesta. La reserva quedar\u00e0 confirmada i garantida mitjan\u00e7ant targeta de cr\u00e8dit. Durant el proc\u00e9s de reserva, les dades de la targeta podran ser verificades amb la finalitat d&#8217;autoritzar els c\u00e0rrecs previstos en aquestes condicions. En cas de [&hellip;]<\/p>\n","protected":false},"author":1,"featured_media":0,"parent":0,"menu_order":0,"comment_status":"closed","ping_status":"closed","template":"","meta":{"inline_featured_image":false,"footnotes":""},"class_list":["post-11322","page","type-page","status-publish","hentry","post-wrapper","thrv_wrapper"],"yoast_head":"<!-- This site is optimized with the Yoast SEO plugin v23.2 - https:\/\/yoast.com\/wordpress\/plugins\/seo\/ -->\n<title>Condicions de reserva | Hotels Praktik<\/title>\n<meta name=\"description\" content=\"Quan hagueu fet la reserva, rebreu un correu electr\u00f2nic amb confirmaci\u00f3 de reserva per a la vostra estada. Condicions de reserva\" \/>\n<meta name=\"robots\" content=\"index, follow, max-snippet:-1, max-image-preview:large, max-video-preview:-1\" \/>\n<link rel=\"canonical\" href=\"https:\/\/www.praktikhotels.com\/ca\/condicions-de-reserva\/\" \/>\n<meta property=\"og:locale\" content=\"ca_ES\" \/>\n<meta property=\"og:type\" content=\"article\" \/>\n<meta property=\"og:title\" content=\"Condicions de reserva | Hotels Praktik\" \/>\n<meta property=\"og:description\" content=\"Quan hagueu fet la reserva, rebreu un correu electr\u00f2nic amb confirmaci\u00f3 de reserva per a la vostra estada.\" \/>\n<meta property=\"og:url\" content=\"https:\/\/www.praktikhotels.com\/ca\/condicions-de-reserva\/\" \/>\n<meta property=\"og:site_name\" content=\"Praktik Hotels - Hoteles boutique en el centro de Barcelona\" \/>\n<meta property=\"article:publisher\" content=\"https:\/\/www.facebook.com\/praktikhotels\/\" \/>\n<meta property=\"article:modified_time\" content=\"2026-03-27T10:42:33+00:00\" \/>\n<meta name=\"twitter:card\" content=\"summary_large_image\" \/>\n<meta name=\"twitter:title\" content=\"Condicions de reserva | Hotels Praktik\" \/>\n<meta name=\"twitter:description\" content=\"Quan hagueu fet la reserva, rebreu un correu electr\u00f2nic amb confirmaci\u00f3 de reserva per a la vostra estada.\" \/>\n<meta name=\"twitter:site\" content=\"@praktikhotels\" \/>\n<meta name=\"twitter:label1\" content=\"Temps estimat de lectura\" \/>\n\t<meta name=\"twitter:data1\" content=\"1 minut\" \/>\n<script type=\"application\/ld+json\" class=\"yoast-schema-graph\">{\"@context\":\"https:\/\/schema.org\",\"@graph\":[{\"@type\":\"Article\",\"@id\":\"https:\/\/www.praktikhotels.com\/ca\/condicions-de-reserva\/#article\",\"isPartOf\":{\"@id\":\"https:\/\/www.praktikhotels.com\/ca\/condicions-de-reserva\/\"},\"author\":{\"name\":\"praktkmaster\",\"@id\":\"\/#\/schema\/person\/4015c3b656759440a8291536b481326d\"},\"headline\":\"Condicions de reserva\",\"datePublished\":\"2023-01-03T07:58:56+00:00\",\"dateModified\":\"2026-03-27T10:42:33+00:00\",\"mainEntityOfPage\":{\"@id\":\"https:\/\/www.praktikhotels.com\/ca\/condicions-de-reserva\/\"},\"wordCount\":292,\"publisher\":{\"@id\":\"\/#organization\"},\"inLanguage\":\"ca\"},{\"@type\":\"WebPage\",\"@id\":\"https:\/\/www.praktikhotels.com\/ca\/condicions-de-reserva\/\",\"url\":\"https:\/\/www.praktikhotels.com\/ca\/condicions-de-reserva\/\",\"name\":\"Condicions de reserva | Hotels Praktik\",\"isPartOf\":{\"@id\":\"\/#website\"},\"datePublished\":\"2023-01-03T07:58:56+00:00\",\"dateModified\":\"2026-03-27T10:42:33+00:00\",\"description\":\"Quan hagueu fet la reserva, rebreu un correu electr\u00f2nic amb confirmaci\u00f3 de reserva per a la vostra estada. Condicions de reserva\",\"breadcrumb\":{\"@id\":\"https:\/\/www.praktikhotels.com\/ca\/condicions-de-reserva\/#breadcrumb\"},\"inLanguage\":\"ca\",\"potentialAction\":[{\"@type\":\"ReadAction\",\"target\":[\"https:\/\/www.praktikhotels.com\/ca\/condicions-de-reserva\/\"]}]},{\"@type\":\"BreadcrumbList\",\"@id\":\"https:\/\/www.praktikhotels.com\/ca\/condicions-de-reserva\/#breadcrumb\",\"itemListElement\":[{\"@type\":\"ListItem\",\"position\":1,\"name\":\"Portada\",\"item\":\"https:\/\/www.praktikhotels.com\/ca\/\"},{\"@type\":\"ListItem\",\"position\":2,\"name\":\"Condicions de reserva\"}]},{\"@type\":\"WebSite\",\"@id\":\"\/#website\",\"url\":\"\/\",\"name\":\"Praktik Hotels - Hoteles boutique en el centro de Barcelona\",\"description\":\"Hoteles boutique en el centro de Barcelona\",\"publisher\":{\"@id\":\"\/#organization\"},\"potentialAction\":[{\"@type\":\"SearchAction\",\"target\":{\"@type\":\"EntryPoint\",\"urlTemplate\":\"\/?s={search_term_string}\"},\"query-input\":\"required name=search_term_string\"}],\"inLanguage\":\"ca\"},{\"@type\":\"Organization\",\"@id\":\"\/#organization\",\"name\":\"Praktik Hotels - Hoteles boutique en el centro de Barcelona\",\"url\":\"\/\",\"logo\":{\"@type\":\"ImageObject\",\"inLanguage\":\"ca\",\"@id\":\"\/#\/schema\/logo\/image\/\",\"url\":\"https:\/\/www.praktikhotels.com\/wp-content\/uploads\/sites\/13\/2022\/11\/praktik-vinoteca-habitacion01.jpg\",\"contentUrl\":\"https:\/\/www.praktikhotels.com\/wp-content\/uploads\/sites\/13\/2022\/11\/praktik-vinoteca-habitacion01.jpg\",\"width\":960,\"height\":635,\"caption\":\"Praktik Hotels - Hoteles boutique en el centro de Barcelona\"},\"image\":{\"@id\":\"\/#\/schema\/logo\/image\/\"},\"sameAs\":[\"https:\/\/www.facebook.com\/praktikhotels\/\",\"https:\/\/x.com\/praktikhotels\",\"https:\/\/www.instagram.com\/praktikhotels\/\"]},{\"@type\":\"Person\",\"@id\":\"\/#\/schema\/person\/4015c3b656759440a8291536b481326d\",\"name\":\"praktkmaster\",\"image\":{\"@type\":\"ImageObject\",\"inLanguage\":\"ca\",\"@id\":\"\/#\/schema\/person\/image\/\",\"url\":\"https:\/\/secure.gravatar.com\/avatar\/29d735a18eaffe4d58415575700d4e8f?s=96&d=mm&r=g\",\"contentUrl\":\"https:\/\/secure.gravatar.com\/avatar\/29d735a18eaffe4d58415575700d4e8f?s=96&d=mm&r=g\",\"caption\":\"praktkmaster\"},\"sameAs\":[\"http:\/\/praktikdev.rkinnova.com\"]}]}<\/script>\n<!-- \/ Yoast SEO plugin. -->","yoast_head_json":{"title":"Condicions de reserva | Hotels Praktik","description":"Quan hagueu fet la reserva, rebreu un correu electr\u00f2nic amb confirmaci\u00f3 de reserva per a la vostra estada. Condicions de reserva","robots":{"index":"index","follow":"follow","max-snippet":"max-snippet:-1","max-image-preview":"max-image-preview:large","max-video-preview":"max-video-preview:-1"},"canonical":"https:\/\/www.praktikhotels.com\/ca\/condicions-de-reserva\/","og_locale":"ca_ES","og_type":"article","og_title":"Condicions de reserva | Hotels Praktik","og_description":"Quan hagueu fet la reserva, rebreu un correu electr\u00f2nic amb confirmaci\u00f3 de reserva per a la vostra estada.","og_url":"https:\/\/www.praktikhotels.com\/ca\/condicions-de-reserva\/","og_site_name":"Praktik Hotels - Hoteles boutique en el centro de Barcelona","article_publisher":"https:\/\/www.facebook.com\/praktikhotels\/","article_modified_time":"2026-03-27T10:42:33+00:00","twitter_card":"summary_large_image","twitter_title":"Condicions de reserva | Hotels Praktik","twitter_description":"Quan hagueu fet la reserva, rebreu un correu electr\u00f2nic amb confirmaci\u00f3 de reserva per a la vostra estada.","twitter_site":"@praktikhotels","twitter_misc":{"Temps estimat de lectura":"1 minut"},"schema":{"@context":"https:\/\/schema.org","@graph":[{"@type":"Article","@id":"https:\/\/www.praktikhotels.com\/ca\/condicions-de-reserva\/#article","isPartOf":{"@id":"https:\/\/www.praktikhotels.com\/ca\/condicions-de-reserva\/"},"author":{"name":"praktkmaster","@id":"\/#\/schema\/person\/4015c3b656759440a8291536b481326d"},"headline":"Condicions de reserva","datePublished":"2023-01-03T07:58:56+00:00","dateModified":"2026-03-27T10:42:33+00:00","mainEntityOfPage":{"@id":"https:\/\/www.praktikhotels.com\/ca\/condicions-de-reserva\/"},"wordCount":292,"publisher":{"@id":"\/#organization"},"inLanguage":"ca"},{"@type":"WebPage","@id":"https:\/\/www.praktikhotels.com\/ca\/condicions-de-reserva\/","url":"https:\/\/www.praktikhotels.com\/ca\/condicions-de-reserva\/","name":"Condicions de reserva | Hotels Praktik","isPartOf":{"@id":"\/#website"},"datePublished":"2023-01-03T07:58:56+00:00","dateModified":"2026-03-27T10:42:33+00:00","description":"Quan hagueu fet la reserva, rebreu un correu electr\u00f2nic amb confirmaci\u00f3 de reserva per a la vostra estada. Condicions de reserva","breadcrumb":{"@id":"https:\/\/www.praktikhotels.com\/ca\/condicions-de-reserva\/#breadcrumb"},"inLanguage":"ca","potentialAction":[{"@type":"ReadAction","target":["https:\/\/www.praktikhotels.com\/ca\/condicions-de-reserva\/"]}]},{"@type":"BreadcrumbList","@id":"https:\/\/www.praktikhotels.com\/ca\/condicions-de-reserva\/#breadcrumb","itemListElement":[{"@type":"ListItem","position":1,"name":"Portada","item":"https:\/\/www.praktikhotels.com\/ca\/"},{"@type":"ListItem","position":2,"name":"Condicions de reserva"}]},{"@type":"WebSite","@id":"\/#website","url":"\/","name":"Praktik Hotels - Hoteles boutique en el centro de Barcelona","description":"Hoteles boutique en el centro de Barcelona","publisher":{"@id":"\/#organization"},"potentialAction":[{"@type":"SearchAction","target":{"@type":"EntryPoint","urlTemplate":"\/?s={search_term_string}"},"query-input":"required name=search_term_string"}],"inLanguage":"ca"},{"@type":"Organization","@id":"\/#organization","name":"Praktik Hotels - Hoteles boutique en el centro de Barcelona","url":"\/","logo":{"@type":"ImageObject","inLanguage":"ca","@id":"\/#\/schema\/logo\/image\/","url":"https:\/\/www.praktikhotels.com\/wp-content\/uploads\/sites\/13\/2022\/11\/praktik-vinoteca-habitacion01.jpg","contentUrl":"https:\/\/www.praktikhotels.com\/wp-content\/uploads\/sites\/13\/2022\/11\/praktik-vinoteca-habitacion01.jpg","width":960,"height":635,"caption":"Praktik Hotels - Hoteles boutique en el centro de Barcelona"},"image":{"@id":"\/#\/schema\/logo\/image\/"},"sameAs":["https:\/\/www.facebook.com\/praktikhotels\/","https:\/\/x.com\/praktikhotels","https:\/\/www.instagram.com\/praktikhotels\/"]},{"@type":"Person","@id":"\/#\/schema\/person\/4015c3b656759440a8291536b481326d","name":"praktkmaster","image":{"@type":"ImageObject","inLanguage":"ca","@id":"\/#\/schema\/person\/image\/","url":"https:\/\/secure.gravatar.com\/avatar\/29d735a18eaffe4d58415575700d4e8f?s=96&d=mm&r=g","contentUrl":"https:\/\/secure.gravatar.com\/avatar\/29d735a18eaffe4d58415575700d4e8f?s=96&d=mm&r=g","caption":"praktkmaster"},"sameAs":["http:\/\/praktikdev.rkinnova.com"]}]}},"_links":{"self":[{"href":"https:\/\/www.praktikhotels.com\/ca\/wp-json\/wp\/v2\/pages\/11322"}],"collection":[{"href":"https:\/\/www.praktikhotels.com\/ca\/wp-json\/wp\/v2\/pages"}],"about":[{"href":"https:\/\/www.praktikhotels.com\/ca\/wp-json\/wp\/v2\/types\/page"}],"author":[{"embeddable":true,"href":"https:\/\/www.praktikhotels.com\/ca\/wp-json\/wp\/v2\/users\/1"}],"replies":[{"embeddable":true,"href":"https:\/\/www.praktikhotels.com\/ca\/wp-json\/wp\/v2\/comments?post=11322"}],"version-history":[{"count":3,"href":"https:\/\/www.praktikhotels.com\/ca\/wp-json\/wp\/v2\/pages\/11322\/revisions"}],"predecessor-version":[{"id":14520,"href":"https:\/\/www.praktikhotels.com\/ca\/wp-json\/wp\/v2\/pages\/11322\/revisions\/14520"}],"wp:attachment":[{"href":"https:\/\/www.praktikhotels.com\/ca\/wp-json\/wp\/v2\/media?parent=11322"}],"curies":[{"name":"wp","href":"https:\/\/api.w.org\/{rel}","templated":true}]}}